{"id":77,"date":"2019-04-04T12:58:53","date_gmt":"2019-04-04T10:58:53","guid":{"rendered":"http:\/\/immobilienulm.de\/?page_id=77"},"modified":"2024-08-01T13:11:08","modified_gmt":"2024-08-01T11:11:08","slug":"kontakt","status":"publish","type":"page","link":"https:\/\/www.\u00f6bv-rebien.de\/?page_id=77","title":{"rendered":"Kontakt"},"content":{"rendered":"\t\t<div data-elementor-type=\"wp-post\" data-elementor-id=\"77\" class=\"elementor elementor-77\" data-elementor-post-type=\"page\">\n\t\t\t\t\t\t<section class=\"elementor-section elementor-top-section elementor-element elementor-element-7daceef elementor-section-boxed elementor-section-height-default elementor-section-height-default\" data-id=\"7daceef\" data-element_type=\"section\">\n\t\t\t\t\t\t<div class=\"elementor-container elementor-column-gap-default\">\n\t\t\t\t\t<div class=\"elementor-column elementor-col-100 elementor-top-column elementor-element elementor-element-fad0564\" data-id=\"fad0564\" data-element_type=\"column\">\n\t\t\t<div class=\"elementor-widget-wrap elementor-element-populated\">\n\t\t\t\t\t\t<section class=\"elementor-section elementor-inner-section elementor-element elementor-element-872ea27 elementor-section-boxed elementor-section-height-default elementor-section-height-default\" data-id=\"872ea27\" data-element_type=\"section\">\n\t\t\t\t\t\t<div class=\"elementor-container elementor-column-gap-default\">\n\t\t\t\t\t<div class=\"elementor-column elementor-col-50 elementor-inner-column elementor-element elementor-element-e81a566\" data-id=\"e81a566\" data-element_type=\"column\" data-settings=\"{&quot;background_background&quot;:&quot;classic&quot;}\">\n\t\t\t<div class=\"elementor-widget-wrap elementor-element-populated\">\n\t\t\t\t\t\t<div class=\"elementor-element elementor-element-d48bdcb elementor-widget elementor-widget-heading\" data-id=\"d48bdcb\" data-element_type=\"widget\" data-widget_type=\"heading.default\">\n\t\t\t\t<div class=\"elementor-widget-container\">\n\t\t\t\t\t<h2 class=\"elementor-heading-title elementor-size-default\">Sie ben\u00f6tigen Beratung?<\/h2>\t\t\t\t<\/div>\n\t\t\t\t<\/div>\n\t\t\t\t<div class=\"elementor-element elementor-element-49b8730 elementor-widget-divider--view-line elementor-widget elementor-widget-divider\" data-id=\"49b8730\" data-element_type=\"widget\" data-widget_type=\"divider.default\">\n\t\t\t\t<div class=\"elementor-widget-container\">\n\t\t\t\t\t\t\t<div class=\"elementor-divider\">\n\t\t\t<span class=\"elementor-divider-separator\">\n\t\t\t\t\t\t<\/span>\n\t\t<\/div>\n\t\t\t\t\t\t<\/div>\n\t\t\t\t<\/div>\n\t\t\t\t<div class=\"elementor-element elementor-element-b62ed0b elementor-widget elementor-widget-text-editor\" data-id=\"b62ed0b\" data-element_type=\"widget\" data-widget_type=\"text-editor.default\">\n\t\t\t\t<div class=\"elementor-widget-container\">\n\t\t\t\t\t\t\t\t\t<p>Schreiben Sie uns Ihr Anliegen. <br \/>Wir beraten Sie gerne.<\/p>\t\t\t\t\t\t\t\t<\/div>\n\t\t\t\t<\/div>\n\t\t\t\t<div class=\"elementor-element elementor-element-5c28075 elementor-widget elementor-widget-image\" data-id=\"5c28075\" data-element_type=\"widget\" data-widget_type=\"image.default\">\n\t\t\t\t<div class=\"elementor-widget-container\">\n\t\t\t\t\t\t\t\t\t\t\t\t\t\t\t<img fetchpriority=\"high\" decoding=\"async\" width=\"225\" height=\"300\" src=\"https:\/\/www.\u00f6bv-rebien.de\/wp-content\/uploads\/2019\/04\/vermessungsbuero-225x300.jpg\" class=\"attachment-medium size-medium wp-image-32\" alt=\"Vermessungsb\u00fcro Rebien\" srcset=\"https:\/\/www.\u00f6bv-rebien.de\/wp-content\/uploads\/2019\/04\/vermessungsbuero-225x300.jpg 225w, https:\/\/www.\u00f6bv-rebien.de\/wp-content\/uploads\/2019\/04\/vermessungsbuero.jpg 500w\" sizes=\"(max-width: 225px) 100vw, 225px\" \/>\t\t\t\t\t\t\t\t\t\t\t\t\t\t\t<\/div>\n\t\t\t\t<\/div>\n\t\t\t\t<div class=\"elementor-element elementor-element-2ada023 elementor-widget elementor-widget-text-editor\" data-id=\"2ada023\" data-element_type=\"widget\" data-widget_type=\"text-editor.default\">\n\t\t\t\t<div class=\"elementor-widget-container\">\n\t\t\t\t\t\t\t\t\t<h4>Vermessungsb\u00fcro Rebien<\/h4><p>Frauengraben 28<br \/>89073 Ulm<br \/>Telefon: 0731 \/ 64 8 64<br \/>Fax: 0731 \/ 60 22 384<\/p>\t\t\t\t\t\t\t\t<\/div>\n\t\t\t\t<\/div>\n\t\t\t\t\t<\/div>\n\t\t<\/div>\n\t\t\t\t<div class=\"elementor-column elementor-col-50 elementor-inner-column elementor-element elementor-element-1788c81\" data-id=\"1788c81\" data-element_type=\"column\" data-settings=\"{&quot;background_background&quot;:&quot;classic&quot;}\">\n\t\t\t<div class=\"elementor-widget-wrap elementor-element-populated\">\n\t\t\t\t\t\t<div class=\"elementor-element elementor-element-267f1a4 elementor-widget elementor-widget-shortcode\" data-id=\"267f1a4\" data-element_type=\"widget\" data-widget_type=\"shortcode.default\">\n\t\t\t\t<div class=\"elementor-widget-container\">\n\t\t\t\t\t\t\t<div class=\"elementor-shortcode\">\n<div class=\"wpcf7 no-js\" id=\"wpcf7-f318-o1\" lang=\"de-DE\" dir=\"ltr\" data-wpcf7-id=\"318\">\n<div class=\"screen-reader-response\"><p role=\"status\" aria-live=\"polite\" aria-atomic=\"true\"><\/p> <ul><\/ul><\/div>\n<form action=\"\/index.php?rest_route=%2Fwp%2Fv2%2Fpages%2F77#wpcf7-f318-o1\" method=\"post\" class=\"wpcf7-form init\" aria-label=\"Kontaktformular\" novalidate=\"novalidate\" data-status=\"init\">\n<div style=\"display: none;\">\n<input type=\"hidden\" name=\"_wpcf7\" value=\"318\" \/>\n<input type=\"hidden\" name=\"_wpcf7_version\" value=\"6.0.6\" \/>\n<input type=\"hidden\" name=\"_wpcf7_locale\" value=\"de_DE\" \/>\n<input type=\"hidden\" name=\"_wpcf7_unit_tag\" value=\"wpcf7-f318-o1\" \/>\n<input type=\"hidden\" name=\"_wpcf7_container_post\" value=\"0\" \/>\n<input type=\"hidden\" name=\"_wpcf7_posted_data_hash\" value=\"\" \/>\n<\/div>\n<p><span id=\"wpcf7-69fb2e04c8f07-wrapper\" class=\"wpcf7-form-control-wrap website-wrap\" style=\"display:none !important; visibility:hidden !important;\"><label for=\"wpcf7-69fb2e04c8f07-field\" class=\"hp-message\">Bitte lasse dieses Feld leer.<\/label><input id=\"wpcf7-69fb2e04c8f07-field\"  class=\"wpcf7-form-control wpcf7-text\" type=\"text\" name=\"website\" value=\"\" size=\"40\" tabindex=\"-1\" autocomplete=\"new-password\" \/><\/span>\n<\/p>\n<div class=\"wps-form\">\n\t<div class=\"wps-form-row\">\n\t\t<div class=\"wps-form-column\">\n\t\t\t<p><label> Anrede *<br \/>\n<span class=\"wpcf7-form-control-wrap\" data-name=\"Anrde\"><select class=\"wpcf7-form-control wpcf7-select wpcf7-validates-as-required\" aria-required=\"true\" aria-invalid=\"false\" name=\"Anrde\"><option value=\"\">&#8211; Bitte ausw\u00e4hlen &#8211;<\/option><option value=\"Herr\">Herr<\/option><option value=\"Frau\">Frau<\/option><option value=\"Keine Angabe\">Keine Angabe<\/option><\/select><\/span><br \/>\n<\/label>\n\t\t\t<\/p>\n\t\t<\/div>\n\t<\/div>\n\t<div class=\"wps-form-row\">\n\t\t<div class=\"wps-form-column\">\n\t\t\t<p><label> Vorname<br \/>\n<span class=\"wpcf7-form-control-wrap\" data-name=\"Vorname\"><input size=\"40\" maxlength=\"400\" class=\"wpcf7-form-control wpcf7-text\" aria-invalid=\"false\" value=\"\" type=\"text\" name=\"Vorname\" \/><\/span><br \/>\n<\/label>\n\t\t\t<\/p>\n\t\t<\/div>\n\t\t<div class=\"wps-form-column\">\n\t\t\t<p><label> Nachname *<br \/>\n<span class=\"wpcf7-form-control-wrap\" data-name=\"Nachname\"><input size=\"40\" maxlength=\"400\" class=\"wpcf7-form-control wpcf7-text wpcf7-validates-as-required\" aria-required=\"true\" aria-invalid=\"false\" value=\"\" type=\"text\" name=\"Nachname\" \/><\/span><br \/>\n<\/label>\n\t\t\t<\/p>\n\t\t<\/div>\n\t<\/div>\n\t<div class=\"wps-form-row\">\n\t\t<div class=\"wps-form-column\">\n\t\t\t<p><label> Ihre Firma<br \/>\n<span class=\"wpcf7-form-control-wrap\" data-name=\"Firma\"><input size=\"40\" maxlength=\"400\" class=\"wpcf7-form-control wpcf7-text\" aria-invalid=\"false\" value=\"\" type=\"text\" name=\"Firma\" \/><\/span><br \/>\n<\/label>\n\t\t\t<\/p>\n\t\t<\/div>\n\t\t<div class=\"wps-form-column\">\n\t\t\t<p><label> Ihre E-Mail *<br \/>\n<span class=\"wpcf7-form-control-wrap\" data-name=\"email-977\"><input size=\"40\" maxlength=\"400\" class=\"wpcf7-form-control wpcf7-email wpcf7-validates-as-required wpcf7-text wpcf7-validates-as-email\" aria-required=\"true\" aria-invalid=\"false\" value=\"\" type=\"email\" name=\"email-977\" \/><\/span><br \/>\n<\/label>\n\t\t\t<\/p>\n\t\t<\/div>\n\t<\/div>\n\t<div class=\"wps-form-row\">\n\t\t<div class=\"wps-form-column\">\n\t\t\t<p><label> Telefon Festnetz<br \/>\n<span class=\"wpcf7-form-control-wrap\" data-name=\"telfest-400\"><input size=\"40\" maxlength=\"400\" class=\"wpcf7-form-control wpcf7-tel wpcf7-text wpcf7-validates-as-tel\" aria-invalid=\"false\" value=\"\" type=\"tel\" name=\"telfest-400\" \/><\/span><br \/>\n<\/label>\n\t\t\t<\/p>\n\t\t<\/div>\n\t\t<div class=\"wps-form-column\">\n\t\t\t<p><label> Mobiltelefon<br \/>\n<span class=\"wpcf7-form-control-wrap\" data-name=\"telmobil-400\"><input size=\"40\" maxlength=\"400\" class=\"wpcf7-form-control wpcf7-tel wpcf7-text wpcf7-validates-as-tel\" aria-invalid=\"false\" value=\"\" type=\"tel\" name=\"telmobil-400\" \/><\/span><br \/>\n<\/label>\n\t\t\t<\/p>\n\t\t<\/div>\n\t<\/div>\n\t<div class=\"wps-form-row\">\n\t\t<div class=\"wps-form-column\">\n\t\t\t<p><label> Ihre Nachricht<br \/>\n<span class=\"wpcf7-form-control-wrap\" data-name=\"nachricht\"><textarea cols=\"40\" rows=\"10\" maxlength=\"2000\" class=\"wpcf7-form-control wpcf7-textarea\" aria-invalid=\"false\" name=\"nachricht\"><\/textarea><\/span><br \/>\n<\/label>\n\t\t\t<\/p>\n\t\t<\/div>\n\t<\/div>\n\t<div class=\"wps-form-row\">\n\t\t<div class=\"wps-form-column\">\n\t\t\t<p><span class=\"wpcf7-form-control-wrap\" data-name=\"acceptance-247\"><span class=\"wpcf7-form-control wpcf7-acceptance\"><span class=\"wpcf7-list-item\"><input type=\"checkbox\" name=\"acceptance-247\" value=\"1\" aria-invalid=\"false\" \/><\/span><\/span><\/span> Sie erkl\u00e4ren Sich damit einverstanden, dass Ihre Daten zur Bearbeitung Ihres Anliegens verwendet werden. Weitere Informationen finden Sie in der <a href=\"https:\/\/www.\u00f6bv-rebien.de\/?page_id=114\" target=\"_blank\">Datenschutzerkl\u00e4rung<\/a>.\n\t\t\t<\/p>\n\t\t<\/div>\n\t<\/div>\n\t<div class=\"wps-form-row\">\n\t\t<div class=\"wps-form-column\">\n\t\t\t<p><input class=\"wpcf7-form-control wpcf7-submit has-spinner\" type=\"submit\" value=\"Abschicken\" \/>\n\t\t\t<\/p>\n\t\t<\/div>\n\t<\/div>\n\t<div class=\"wps-form-row\">\n\t\t<div class=\"wps-form-column\">\n\t\t\t<p>* Pflichtfelder\n\t\t\t<\/p>\n\t\t<\/div>\n\t<\/div>\n<\/div><div class=\"wpcf7-response-output\" aria-hidden=\"true\"><\/div>\n<\/form>\n<\/div>\n<\/div>\n\t\t\t\t\t\t<\/div>\n\t\t\t\t<\/div>\n\t\t\t\t\t<\/div>\n\t\t<\/div>\n\t\t\t\t\t<\/div>\n\t\t<\/section>\n\t\t\t\t<div class=\"elementor-element elementor-element-1a3e1b2 elementor-widget elementor-widget-spacer\" data-id=\"1a3e1b2\" data-element_type=\"widget\" data-widget_type=\"spacer.default\">\n\t\t\t\t<div class=\"elementor-widget-container\">\n\t\t\t\t\t\t\t<div class=\"elementor-spacer\">\n\t\t\t<div class=\"elementor-spacer-inner\"><\/div>\n\t\t<\/div>\n\t\t\t\t\t\t<\/div>\n\t\t\t\t<\/div>\n\t\t\t\t\t<\/div>\n\t\t<\/div>\n\t\t\t\t\t<\/div>\n\t\t<\/section>\n\t\t\t\t<section class=\"elementor-section elementor-top-section elementor-element elementor-element-0964928 elementor-section-boxed elementor-section-height-default elementor-section-height-default\" data-id=\"0964928\" data-element_type=\"section\">\n\t\t\t\t\t\t<div class=\"elementor-container elementor-column-gap-default\">\n\t\t\t\t\t<div class=\"elementor-column elementor-col-100 elementor-top-column elementor-element elementor-element-aded674\" data-id=\"aded674\" data-element_type=\"column\">\n\t\t\t<div class=\"elementor-widget-wrap elementor-element-populated\">\n\t\t\t\t\t\t<section class=\"elementor-section elementor-inner-section elementor-element elementor-element-fbeb769 elementor-section-boxed elementor-section-height-default elementor-section-height-default\" data-id=\"fbeb769\" data-element_type=\"section\">\n\t\t\t\t\t\t<div class=\"elementor-container elementor-column-gap-default\">\n\t\t\t\t\t<div class=\"elementor-column elementor-col-50 elementor-inner-column elementor-element elementor-element-af347aa\" data-id=\"af347aa\" data-element_type=\"column\" data-settings=\"{&quot;background_background&quot;:&quot;classic&quot;}\">\n\t\t\t<div class=\"elementor-widget-wrap elementor-element-populated\">\n\t\t\t\t\t\t<div class=\"elementor-element elementor-element-e7c3c7b elementor-widget elementor-widget-heading\" data-id=\"e7c3c7b\" data-element_type=\"widget\" data-widget_type=\"heading.default\">\n\t\t\t\t<div class=\"elementor-widget-container\">\n\t\t\t\t\t<h2 class=\"elementor-heading-title elementor-size-default\">So finden Sie uns<\/h2>\t\t\t\t<\/div>\n\t\t\t\t<\/div>\n\t\t\t\t<div class=\"elementor-element elementor-element-c4cdb74 elementor-widget-divider--view-line elementor-widget elementor-widget-divider\" data-id=\"c4cdb74\" data-element_type=\"widget\" data-widget_type=\"divider.default\">\n\t\t\t\t<div class=\"elementor-widget-container\">\n\t\t\t\t\t\t\t<div class=\"elementor-divider\">\n\t\t\t<span class=\"elementor-divider-separator\">\n\t\t\t\t\t\t<\/span>\n\t\t<\/div>\n\t\t\t\t\t\t<\/div>\n\t\t\t\t<\/div>\n\t\t\t\t<div class=\"elementor-element elementor-element-337884b elementor-widget elementor-widget-text-editor\" data-id=\"337884b\" data-element_type=\"widget\" data-widget_type=\"text-editor.default\">\n\t\t\t\t<div class=\"elementor-widget-container\">\n\t\t\t\t\t\t\t\t\t<p>Schreiben Sie uns Ihr Anliegen. <br \/>Wir beraten Sie gerne.<\/p>\t\t\t\t\t\t\t\t<\/div>\n\t\t\t\t<\/div>\n\t\t\t\t\t<\/div>\n\t\t<\/div>\n\t\t\t\t<div class=\"elementor-column elementor-col-50 elementor-inner-column elementor-element elementor-element-56ac9fe\" data-id=\"56ac9fe\" data-element_type=\"column\" data-settings=\"{&quot;background_background&quot;:&quot;classic&quot;}\">\n\t\t\t<div class=\"elementor-widget-wrap elementor-element-populated\">\n\t\t\t\t\t\t<div class=\"elementor-element elementor-element-6825802 elementor-widget elementor-widget-image\" data-id=\"6825802\" data-element_type=\"widget\" data-widget_type=\"image.default\">\n\t\t\t\t<div class=\"elementor-widget-container\">\n\t\t\t\t\t\t\t\t\t\t\t\t\t\t\t\t<a href=\"https:\/\/www.google.de\/maps\/place\/Jochen+Rebien,+Klaus+Rebien,+\u00d6ffentlich+bestellte+Vermessungsingenieure\/@48.4013406,9.9921567,17z\/data=!3m1!4b1!4m6!3m5!1s0x47996688a2040b81:0xc1bf99be336f99ab!8m2!3d48.4013371!4d9.9947316!16s%2Fg%2F11c1nhh322?entry=ttu\" target=\"_blank\">\n\t\t\t\t\t\t\t<img decoding=\"async\" width=\"800\" height=\"444\" src=\"https:\/\/www.\u00f6bv-rebien.de\/wp-content\/uploads\/2024\/08\/googlemap-1024x568.jpg\" class=\"attachment-large size-large wp-image-734\" alt=\"Google Karte\" srcset=\"https:\/\/www.\u00f6bv-rebien.de\/wp-content\/uploads\/2024\/08\/googlemap-1024x568.jpg 1024w, https:\/\/www.\u00f6bv-rebien.de\/wp-content\/uploads\/2024\/08\/googlemap-300x166.jpg 300w, https:\/\/www.\u00f6bv-rebien.de\/wp-content\/uploads\/2024\/08\/googlemap-768x426.jpg 768w, https:\/\/www.\u00f6bv-rebien.de\/wp-content\/uploads\/2024\/08\/googlemap.jpg 1455w\" sizes=\"(max-width: 800px) 100vw, 800px\" \/>\t\t\t\t\t\t\t\t<\/a>\n\t\t\t\t\t\t\t\t\t\t\t\t\t\t\t<\/div>\n\t\t\t\t<\/div>\n\t\t\t\t\t<\/div>\n\t\t<\/div>\n\t\t\t\t\t<\/div>\n\t\t<\/section>\n\t\t\t\t<div class=\"elementor-element elementor-element-a79b457 elementor-widget elementor-widget-spacer\" data-id=\"a79b457\" data-element_type=\"widget\" data-widget_type=\"spacer.default\">\n\t\t\t\t<div class=\"elementor-widget-container\">\n\t\t\t\t\t\t\t<div class=\"elementor-spacer\">\n\t\t\t<div class=\"elementor-spacer-inner\"><\/div>\n\t\t<\/div>\n\t\t\t\t\t\t<\/div>\n\t\t\t\t<\/div>\n\t\t\t\t\t<\/div>\n\t\t<\/div>\n\t\t\t\t\t<\/div>\n\t\t<\/section>\n\t\t\t\t<\/div>\n\t\t","protected":false},"excerpt":{"rendered":"<p>Sie ben\u00f6tigen Beratung? Schreiben Sie uns Ihr Anliegen. Wir beraten Sie gerne. Vermessungsb\u00fcro Rebien Frauengraben 2889073 UlmTelefon: 0731 \/ 64 8 64Fax: 0731 \/ 60 22 384 So finden Sie uns Schreiben Sie uns Ihr Anliegen. Wir beraten Sie gerne.<\/p>\n","protected":false},"author":4,"featured_media":0,"parent":0,"menu_order":0,"comment_status":"closed","ping_status":"closed","template":"","meta":{"footnotes":""},"class_list":["post-77","page","type-page","status-publish","hentry"],"yoast_head":"<!-- This site is optimized with the Yoast SEO plugin v24.9 - https:\/\/yoast.com\/wordpress\/plugins\/seo\/ -->\n<title>Kontakt - Vermessungsb\u00fcro Rebien<\/title>\n<meta name=\"robots\" content=\"index, follow, max-snippet:-1, max-image-preview:large, max-video-preview:-1\" \/>\n<link rel=\"canonical\" href=\"https:\/\/www.\u00f6bv-rebien.de\/?page_id=77\" \/>\n<meta property=\"og:locale\" content=\"de_DE\" \/>\n<meta property=\"og:type\" content=\"article\" \/>\n<meta property=\"og:title\" content=\"Kontakt - Vermessungsb\u00fcro Rebien\" \/>\n<meta property=\"og:description\" content=\"Sie ben\u00f6tigen Beratung? Schreiben Sie uns Ihr Anliegen. Wir beraten Sie gerne. Vermessungsb\u00fcro Rebien Frauengraben 2889073 UlmTelefon: 0731 \/ 64 8 64Fax: 0731 \/ 60 22 384 So finden Sie uns Schreiben Sie uns Ihr Anliegen. Wir beraten Sie gerne.\" \/>\n<meta property=\"og:url\" content=\"https:\/\/www.\u00f6bv-rebien.de\/?page_id=77\" \/>\n<meta property=\"og:site_name\" content=\"Vermessungsb\u00fcro Rebien\" \/>\n<meta property=\"article:modified_time\" content=\"2024-08-01T11:11:08+00:00\" \/>\n<meta name=\"twitter:card\" content=\"summary_large_image\" \/>\n<meta name=\"twitter:label1\" content=\"Gesch\u00e4tzte Lesezeit\" \/>\n\t<meta name=\"twitter:data1\" content=\"1\u00a0Minute\" \/>\n<script type=\"application\/ld+json\" class=\"yoast-schema-graph\">{\"@context\":\"https:\/\/schema.org\",\"@graph\":[{\"@type\":\"WebPage\",\"@id\":\"https:\/\/www.\u00f6bv-rebien.de\/?page_id=77\",\"url\":\"https:\/\/www.\u00f6bv-rebien.de\/?page_id=77\",\"name\":\"Kontakt - Vermessungsb\u00fcro Rebien\",\"isPartOf\":{\"@id\":\"https:\/\/www.\u00f6bv-rebien.de\/#website\"},\"datePublished\":\"2019-04-04T10:58:53+00:00\",\"dateModified\":\"2024-08-01T11:11:08+00:00\",\"breadcrumb\":{\"@id\":\"https:\/\/www.\u00f6bv-rebien.de\/?page_id=77#breadcrumb\"},\"inLanguage\":\"de\",\"potentialAction\":[{\"@type\":\"ReadAction\",\"target\":[\"https:\/\/www.\u00f6bv-rebien.de\/?page_id=77\"]}]},{\"@type\":\"BreadcrumbList\",\"@id\":\"https:\/\/www.\u00f6bv-rebien.de\/?page_id=77#breadcrumb\",\"itemListElement\":[{\"@type\":\"ListItem\",\"position\":1,\"name\":\"Startseite\",\"item\":\"https:\/\/www.\u00f6bv-rebien.de\/\"},{\"@type\":\"ListItem\",\"position\":2,\"name\":\"Kontakt\"}]},{\"@type\":\"WebSite\",\"@id\":\"https:\/\/www.\u00f6bv-rebien.de\/#website\",\"url\":\"https:\/\/www.\u00f6bv-rebien.de\/\",\"name\":\"Vermessungsb\u00fcro Rebien\",\"description\":\"\u00d6ffentlich bestellte Vermessungsingeniure\",\"publisher\":{\"@id\":\"https:\/\/www.\u00f6bv-rebien.de\/#organization\"},\"potentialAction\":[{\"@type\":\"SearchAction\",\"target\":{\"@type\":\"EntryPoint\",\"urlTemplate\":\"https:\/\/www.\u00f6bv-rebien.de\/?s={search_term_string}\"},\"query-input\":{\"@type\":\"PropertyValueSpecification\",\"valueRequired\":true,\"valueName\":\"search_term_string\"}}],\"inLanguage\":\"de\"},{\"@type\":\"Organization\",\"@id\":\"https:\/\/www.\u00f6bv-rebien.de\/#organization\",\"name\":\"Vermessungsb\u00fcro Rebien\",\"url\":\"https:\/\/www.\u00f6bv-rebien.de\/\",\"logo\":{\"@type\":\"ImageObject\",\"inLanguage\":\"de\",\"@id\":\"https:\/\/www.\u00f6bv-rebien.de\/#\/schema\/logo\/image\/\",\"url\":\"https:\/\/www.\u00f6bv-rebien.de\/wp-content\/uploads\/2019\/10\/cropped-logo_neu.png\",\"contentUrl\":\"https:\/\/www.\u00f6bv-rebien.de\/wp-content\/uploads\/2019\/10\/cropped-logo_neu.png\",\"width\":600,\"height\":147,\"caption\":\"Vermessungsb\u00fcro Rebien\"},\"image\":{\"@id\":\"https:\/\/www.\u00f6bv-rebien.de\/#\/schema\/logo\/image\/\"}}]}<\/script>\n<!-- \/ Yoast SEO plugin. -->","yoast_head_json":{"title":"Kontakt - Vermessungsb\u00fcro Rebien","robots":{"index":"index","follow":"follow","max-snippet":"max-snippet:-1","max-image-preview":"max-image-preview:large","max-video-preview":"max-video-preview:-1"},"canonical":"https:\/\/www.\u00f6bv-rebien.de\/?page_id=77","og_locale":"de_DE","og_type":"article","og_title":"Kontakt - Vermessungsb\u00fcro Rebien","og_description":"Sie ben\u00f6tigen Beratung? Schreiben Sie uns Ihr Anliegen. Wir beraten Sie gerne. Vermessungsb\u00fcro Rebien Frauengraben 2889073 UlmTelefon: 0731 \/ 64 8 64Fax: 0731 \/ 60 22 384 So finden Sie uns Schreiben Sie uns Ihr Anliegen. Wir beraten Sie gerne.","og_url":"https:\/\/www.\u00f6bv-rebien.de\/?page_id=77","og_site_name":"Vermessungsb\u00fcro Rebien","article_modified_time":"2024-08-01T11:11:08+00:00","twitter_card":"summary_large_image","twitter_misc":{"Gesch\u00e4tzte Lesezeit":"1\u00a0Minute"},"schema":{"@context":"https:\/\/schema.org","@graph":[{"@type":"WebPage","@id":"https:\/\/www.\u00f6bv-rebien.de\/?page_id=77","url":"https:\/\/www.\u00f6bv-rebien.de\/?page_id=77","name":"Kontakt - Vermessungsb\u00fcro Rebien","isPartOf":{"@id":"https:\/\/www.\u00f6bv-rebien.de\/#website"},"datePublished":"2019-04-04T10:58:53+00:00","dateModified":"2024-08-01T11:11:08+00:00","breadcrumb":{"@id":"https:\/\/www.\u00f6bv-rebien.de\/?page_id=77#breadcrumb"},"inLanguage":"de","potentialAction":[{"@type":"ReadAction","target":["https:\/\/www.\u00f6bv-rebien.de\/?page_id=77"]}]},{"@type":"BreadcrumbList","@id":"https:\/\/www.\u00f6bv-rebien.de\/?page_id=77#breadcrumb","itemListElement":[{"@type":"ListItem","position":1,"name":"Startseite","item":"https:\/\/www.\u00f6bv-rebien.de\/"},{"@type":"ListItem","position":2,"name":"Kontakt"}]},{"@type":"WebSite","@id":"https:\/\/www.\u00f6bv-rebien.de\/#website","url":"https:\/\/www.\u00f6bv-rebien.de\/","name":"Vermessungsb\u00fcro Rebien","description":"\u00d6ffentlich bestellte Vermessungsingeniure","publisher":{"@id":"https:\/\/www.\u00f6bv-rebien.de\/#organization"},"potentialAction":[{"@type":"SearchAction","target":{"@type":"EntryPoint","urlTemplate":"https:\/\/www.\u00f6bv-rebien.de\/?s={search_term_string}"},"query-input":{"@type":"PropertyValueSpecification","valueRequired":true,"valueName":"search_term_string"}}],"inLanguage":"de"},{"@type":"Organization","@id":"https:\/\/www.\u00f6bv-rebien.de\/#organization","name":"Vermessungsb\u00fcro Rebien","url":"https:\/\/www.\u00f6bv-rebien.de\/","logo":{"@type":"ImageObject","inLanguage":"de","@id":"https:\/\/www.\u00f6bv-rebien.de\/#\/schema\/logo\/image\/","url":"https:\/\/www.\u00f6bv-rebien.de\/wp-content\/uploads\/2019\/10\/cropped-logo_neu.png","contentUrl":"https:\/\/www.\u00f6bv-rebien.de\/wp-content\/uploads\/2019\/10\/cropped-logo_neu.png","width":600,"height":147,"caption":"Vermessungsb\u00fcro Rebien"},"image":{"@id":"https:\/\/www.\u00f6bv-rebien.de\/#\/schema\/logo\/image\/"}}]}},"_links":{"self":[{"href":"https:\/\/www.\u00f6bv-rebien.de\/index.php?rest_route=\/wp\/v2\/pages\/77","targetHints":{"allow":["GET"]}}],"collection":[{"href":"https:\/\/www.\u00f6bv-rebien.de\/index.php?rest_route=\/wp\/v2\/pages"}],"about":[{"href":"https:\/\/www.\u00f6bv-rebien.de\/index.php?rest_route=\/wp\/v2\/types\/page"}],"author":[{"embeddable":true,"href":"https:\/\/www.\u00f6bv-rebien.de\/index.php?rest_route=\/wp\/v2\/users\/4"}],"replies":[{"embeddable":true,"href":"https:\/\/www.\u00f6bv-rebien.de\/index.php?rest_route=%2Fwp%2Fv2%2Fcomments&post=77"}],"version-history":[{"count":38,"href":"https:\/\/www.\u00f6bv-rebien.de\/index.php?rest_route=\/wp\/v2\/pages\/77\/revisions"}],"predecessor-version":[{"id":740,"href":"https:\/\/www.\u00f6bv-rebien.de\/index.php?rest_route=\/wp\/v2\/pages\/77\/revisions\/740"}],"wp:attachment":[{"href":"https:\/\/www.\u00f6bv-rebien.de\/index.php?rest_route=%2Fwp%2Fv2%2Fmedia&parent=77"}],"curies":[{"name":"wp","href":"https:\/\/api.w.org\/{rel}","templated":true}]}}