{"id":75,"date":"2019-04-04T12:58:19","date_gmt":"2019-04-04T10:58:19","guid":{"rendered":"http:\/\/immobilienulm.de\/?page_id=75"},"modified":"2023-02-05T22:10:38","modified_gmt":"2023-02-05T21:10:38","slug":"ingenieurvermessung","status":"publish","type":"page","link":"https:\/\/www.\u00f6bv-rebien.de\/?page_id=75","title":{"rendered":"Ingenieurvermessung"},"content":{"rendered":"\t\t<div data-elementor-type=\"wp-post\" data-elementor-id=\"75\" class=\"elementor elementor-75\" data-elementor-post-type=\"page\">\n\t\t\t\t\t\t<section class=\"elementor-section elementor-top-section elementor-element elementor-element-26e9581 elementor-section-full_width elementor-section-height-default elementor-section-height-default\" data-id=\"26e9581\" data-element_type=\"section\" data-settings=\"{&quot;background_background&quot;:&quot;classic&quot;}\">\n\t\t\t\t\t\t<div class=\"elementor-container elementor-column-gap-default\">\n\t\t\t\t\t<div class=\"elementor-column elementor-col-50 elementor-top-column elementor-element elementor-element-3597861\" data-id=\"3597861\" data-element_type=\"column\" data-settings=\"{&quot;background_background&quot;:&quot;classic&quot;}\">\n\t\t\t<div class=\"elementor-widget-wrap elementor-element-populated\">\n\t\t\t\t\t\t<div class=\"elementor-element elementor-element-2171e3b elementor-widget elementor-widget-heading\" data-id=\"2171e3b\" data-element_type=\"widget\" data-widget_type=\"heading.default\">\n\t\t\t\t<div class=\"elementor-widget-container\">\n\t\t\t\t\t<h1 class=\"elementor-heading-title elementor-size-large\">Ingenieurvermessung<\/h1>\t\t\t\t<\/div>\n\t\t\t\t<\/div>\n\t\t\t\t<div class=\"elementor-element elementor-element-21b7ff4 elementor-widget-divider--view-line elementor-widget elementor-widget-divider\" data-id=\"21b7ff4\" data-element_type=\"widget\" data-widget_type=\"divider.default\">\n\t\t\t\t<div class=\"elementor-widget-container\">\n\t\t\t\t\t\t\t<div class=\"elementor-divider\">\n\t\t\t<span class=\"elementor-divider-separator\">\n\t\t\t\t\t\t<\/span>\n\t\t<\/div>\n\t\t\t\t\t\t<\/div>\n\t\t\t\t<\/div>\n\t\t\t\t<div class=\"elementor-element elementor-element-61a8ad6 elementor-widget elementor-widget-text-editor\" data-id=\"61a8ad6\" data-element_type=\"widget\" data-widget_type=\"text-editor.default\">\n\t\t\t\t<div class=\"elementor-widget-container\">\n\t\t\t\t\t\t\t\t\t<p style=\"text-align: left;\">Wer sicher planen, bauen oder anbauen m\u00f6chte, wer den Bestand dokumentieren muss, der greift am besten auf einen sachkundigen Vermessungsingenieur zur\u00fcck.<\/p><p style=\"text-align: left;\">In der Planungsphase kann in enger Zusammenarbeit mit den weiteren am Projekt beteiligten Fachplanern noch vieles entschieden und angepasst werden, bevor es sp\u00e4ter zu \u2013 h\u00e4ufig zeitintensiven und teuren &#8211; Umplanungen oder Bauwerks\u00e4nderungen kommt.<\/p><p style=\"text-align: left;\">Langj\u00e4hrige pers\u00f6nliche Kontakte zu den Kommunen und Beh\u00f6rden kommen dem Planvorhaben zugute.<\/p><p style=\"text-align: left;\">Um im Interesse des Bauherrn beraten zu k\u00f6nnen, bilden wir uns st\u00e4ndig weiter. Insbesondere die Inhalte der Landesbauordnung (LBO) bzw. Bayerische Bauordnung (BayBO) und des Baugesetzbuches (BauGB) sind wesentliche Bestandteile bei der Planung.<\/p>\t\t\t\t\t\t\t\t<\/div>\n\t\t\t\t<\/div>\n\t\t\t\t\t<\/div>\n\t\t<\/div>\n\t\t\t\t<div class=\"elementor-column elementor-col-50 elementor-top-column elementor-element elementor-element-dfdab6b\" data-id=\"dfdab6b\" data-element_type=\"column\" data-settings=\"{&quot;background_background&quot;:&quot;classic&quot;}\">\n\t\t\t<div class=\"elementor-widget-wrap elementor-element-populated\">\n\t\t\t\t\t<div class=\"elementor-background-overlay\"><\/div>\n\t\t\t\t\t\t<div class=\"elementor-element elementor-element-d3beed0 elementor-widget elementor-widget-spacer\" data-id=\"d3beed0\" data-element_type=\"widget\" data-widget_type=\"spacer.default\">\n\t\t\t\t<div class=\"elementor-widget-container\">\n\t\t\t\t\t\t\t<div class=\"elementor-spacer\">\n\t\t\t<div class=\"elementor-spacer-inner\"><\/div>\n\t\t<\/div>\n\t\t\t\t\t\t<\/div>\n\t\t\t\t<\/div>\n\t\t\t\t\t<\/div>\n\t\t<\/div>\n\t\t\t\t\t<\/div>\n\t\t<\/section>\n\t\t\t\t<section class=\"elementor-section elementor-top-section elementor-element elementor-element-6e565fa4 elementor-section-full_width elementor-section-height-default elementor-section-height-default\" data-id=\"6e565fa4\" data-element_type=\"section\" data-settings=\"{&quot;background_background&quot;:&quot;classic&quot;}\">\n\t\t\t\t\t\t<div class=\"elementor-container elementor-column-gap-default\">\n\t\t\t\t\t<div class=\"elementor-column elementor-col-50 elementor-top-column elementor-element elementor-element-52a88355\" data-id=\"52a88355\" data-element_type=\"column\" data-settings=\"{&quot;background_background&quot;:&quot;classic&quot;}\">\n\t\t\t<div class=\"elementor-widget-wrap elementor-element-populated\">\n\t\t\t\t\t<div class=\"elementor-background-overlay\"><\/div>\n\t\t\t\t\t\t<div class=\"elementor-element elementor-element-61461b0c elementor-widget elementor-widget-spacer\" data-id=\"61461b0c\" data-element_type=\"widget\" data-widget_type=\"spacer.default\">\n\t\t\t\t<div class=\"elementor-widget-container\">\n\t\t\t\t\t\t\t<div class=\"elementor-spacer\">\n\t\t\t<div class=\"elementor-spacer-inner\"><\/div>\n\t\t<\/div>\n\t\t\t\t\t\t<\/div>\n\t\t\t\t<\/div>\n\t\t\t\t\t<\/div>\n\t\t<\/div>\n\t\t\t\t<div class=\"elementor-column elementor-col-50 elementor-top-column elementor-element elementor-element-52c9b264\" data-id=\"52c9b264\" data-element_type=\"column\" data-settings=\"{&quot;background_background&quot;:&quot;classic&quot;}\">\n\t\t\t<div class=\"elementor-widget-wrap elementor-element-populated\">\n\t\t\t\t\t<div class=\"elementor-background-overlay\"><\/div>\n\t\t\t\t\t\t<div class=\"elementor-element elementor-element-5a2bd1ee elementor-widget elementor-widget-heading\" data-id=\"5a2bd1ee\" data-element_type=\"widget\" data-widget_type=\"heading.default\">\n\t\t\t\t<div class=\"elementor-widget-container\">\n\t\t\t\t\t<h2 class=\"elementor-heading-title elementor-size-large\">Die Leistungen im Einzelnen:<\/h2>\t\t\t\t<\/div>\n\t\t\t\t<\/div>\n\t\t\t\t<div class=\"elementor-element elementor-element-483651c2 elementor-widget-divider--view-line elementor-widget elementor-widget-divider\" data-id=\"483651c2\" data-element_type=\"widget\" data-widget_type=\"divider.default\">\n\t\t\t\t<div class=\"elementor-widget-container\">\n\t\t\t\t\t\t\t<div class=\"elementor-divider\">\n\t\t\t<span class=\"elementor-divider-separator\">\n\t\t\t\t\t\t<\/span>\n\t\t<\/div>\n\t\t\t\t\t\t<\/div>\n\t\t\t\t<\/div>\n\t\t\t\t<div class=\"elementor-element elementor-element-418cbf1b elementor-widget elementor-widget-text-editor\" data-id=\"418cbf1b\" data-element_type=\"widget\" data-widget_type=\"text-editor.default\">\n\t\t\t\t<div class=\"elementor-widget-container\">\n\t\t\t\t\t\t\t\t\t<div><div><div><div><div><ul><li><strong>Bestandspl\u00e4ne \/ topographische Gel\u00e4ndeaufnahme <\/strong><br \/><small>als Grundlage f\u00fcr Planvorhaben, ermitteln und darstellen von Leitungen, f\u00fcr Bauvorhaben<\/small><\/li><li><strong>Amtlicher Lageplan zum Bauantrag <\/strong><br \/><small> unverzichtbarer Bestandteil der Baugenehmigungsunterlagen<\/small><\/li><li><strong>Absteckung des Bauvorhabens mit H\u00f6henangabe und Schnurger\u00fcst einschneiden<\/strong><br \/><small>hierbei wird die Planung in die Realit\u00e4t \u00fcbertragen. Der Bau kann beginnen <\/small><\/li><li><strong>Bauvermessungen f\u00fcr spezielle Anforderungen der Baufirmen <\/strong><br \/><small>Bohrpfahlabsteckungen, Spundwandachsen, \u2026<\/small><\/li><li><strong>Setzungsmessungen an Bauwerken <\/strong><br \/><small>zur Beweissicherung und Dokumentation von Bewegungen an Bauwerken oder Bauwerksteilen<\/small><\/li><\/ul><div>\u00a0<\/div><p>Weitere Leistungen nach Absprache und Aufgabenstellung.<br \/>Nehmen Sie Kontakt mit uns auf, wir versuchen Ihnen weiter zu helfen.<\/p><\/div><\/div><\/div><\/div><\/div>\t\t\t\t\t\t\t\t<\/div>\n\t\t\t\t<\/div>\n\t\t\t\t\t<\/div>\n\t\t<\/div>\n\t\t\t\t\t<\/div>\n\t\t<\/section>\n\t\t\t\t<section class=\"elementor-section elementor-top-section elementor-element elementor-element-201e0113 elementor-section-height-min-height elementor-section-boxed elementor-section-height-default elementor-section-items-middle\" data-id=\"201e0113\" data-element_type=\"section\" data-settings=\"{&quot;background_background&quot;:&quot;classic&quot;}\">\n\t\t\t\t\t\t\t<div class=\"elementor-background-overlay\"><\/div>\n\t\t\t\t\t\t\t<div class=\"elementor-container elementor-column-gap-default\">\n\t\t\t\t\t<div class=\"elementor-column elementor-col-100 elementor-top-column elementor-element elementor-element-21900926\" data-id=\"21900926\" data-element_type=\"column\">\n\t\t\t<div class=\"elementor-widget-wrap elementor-element-populated\">\n\t\t\t\t\t\t<div class=\"elementor-element elementor-element-2e106f46 elementor-widget elementor-widget-heading\" data-id=\"2e106f46\" data-element_type=\"widget\" data-widget_type=\"heading.default\">\n\t\t\t\t<div class=\"elementor-widget-container\">\n\t\t\t\t\t<h2 class=\"elementor-heading-title elementor-size-default\">Sie ben\u00f6tigen Beratung?<\/h2>\t\t\t\t<\/div>\n\t\t\t\t<\/div>\n\t\t\t\t<div class=\"elementor-element elementor-element-50c8d904 elementor-widget-divider--view-line elementor-widget elementor-widget-divider\" data-id=\"50c8d904\" data-element_type=\"widget\" data-widget_type=\"divider.default\">\n\t\t\t\t<div class=\"elementor-widget-container\">\n\t\t\t\t\t\t\t<div class=\"elementor-divider\">\n\t\t\t<span class=\"elementor-divider-separator\">\n\t\t\t\t\t\t<\/span>\n\t\t<\/div>\n\t\t\t\t\t\t<\/div>\n\t\t\t\t<\/div>\n\t\t\t\t<div class=\"elementor-element elementor-element-1fd63fdf elementor-widget elementor-widget-text-editor\" data-id=\"1fd63fdf\" data-element_type=\"widget\" data-widget_type=\"text-editor.default\">\n\t\t\t\t<div class=\"elementor-widget-container\">\n\t\t\t\t\t\t\t\t\t<h4>Scheuen Sie sich nicht uns zu kontaktieren.<\/h4>\t\t\t\t\t\t\t\t<\/div>\n\t\t\t\t<\/div>\n\t\t\t\t<div class=\"elementor-element elementor-element-bb4e5a4 elementor-align-center elementor-widget elementor-widget-button\" data-id=\"bb4e5a4\" data-element_type=\"widget\" data-widget_type=\"button.default\">\n\t\t\t\t<div class=\"elementor-widget-container\">\n\t\t\t\t\t\t\t\t\t<div class=\"elementor-button-wrapper\">\n\t\t\t\t\t<a class=\"elementor-button elementor-button-link elementor-size-sm\" href=\"https:\/\/www.\u00f6bv-rebien.de\/?page_id=77\">\n\t\t\t\t\t\t<span class=\"elementor-button-content-wrapper\">\n\t\t\t\t\t\t\t\t\t<span class=\"elementor-button-text\">Wir beraten Sie gerne.<\/span>\n\t\t\t\t\t<\/span>\n\t\t\t\t\t<\/a>\n\t\t\t\t<\/div>\n\t\t\t\t\t\t\t\t<\/div>\n\t\t\t\t<\/div>\n\t\t\t\t\t<\/div>\n\t\t<\/div>\n\t\t\t\t\t<\/div>\n\t\t<\/section>\n\t\t\t\t<\/div>\n\t\t","protected":false},"excerpt":{"rendered":"<p>Ingenieurvermessung Wer sicher planen, bauen oder anbauen m\u00f6chte, wer den Bestand dokumentieren muss, der greift am besten auf einen sachkundigen Vermessungsingenieur zur\u00fcck. In der Planungsphase kann in enger Zusammenarbeit mit den weiteren am Projekt beteiligten Fachplanern noch vieles entschieden und angepasst werden, bevor es sp\u00e4ter zu \u2013 h\u00e4ufig zeitintensiven und teuren &#8211; Umplanungen oder Bauwerks\u00e4nderungen [&hellip;]<\/p>\n","protected":false},"author":4,"featured_media":0,"parent":0,"menu_order":0,"comment_status":"closed","ping_status":"closed","template":"","meta":{"footnotes":""},"class_list":["post-75","page","type-page","status-publish","hentry"],"yoast_head":"<!-- This site is optimized with the Yoast SEO plugin v24.9 - https:\/\/yoast.com\/wordpress\/plugins\/seo\/ -->\n<title>Ingenieurvermessung - Vermessungsb\u00fcro Rebien | Planen und Bauen<\/title>\n<meta name=\"description\" content=\"Amtlicher Lageplan zum Baugesuch , Absteckung des Bauvorhabens mit H\u00f6henangabe und Schnurger\u00fcsteinschneiden, Setzungsmessungen an Bauwerken\" \/>\n<meta name=\"robots\" content=\"index, follow, max-snippet:-1, max-image-preview:large, max-video-preview:-1\" \/>\n<link rel=\"canonical\" href=\"https:\/\/www.\u00f6bv-rebien.de\/?page_id=75\" \/>\n<meta property=\"og:locale\" content=\"de_DE\" \/>\n<meta property=\"og:type\" content=\"article\" \/>\n<meta property=\"og:title\" content=\"Ingenieurvermessung - Vermessungsb\u00fcro Rebien | Planen und Bauen\" \/>\n<meta property=\"og:description\" content=\"Amtlicher Lageplan zum Baugesuch , Absteckung des Bauvorhabens mit H\u00f6henangabe und Schnurger\u00fcsteinschneiden, Setzungsmessungen an Bauwerken\" \/>\n<meta property=\"og:url\" content=\"https:\/\/www.\u00f6bv-rebien.de\/?page_id=75\" \/>\n<meta property=\"og:site_name\" content=\"Vermessungsb\u00fcro Rebien\" \/>\n<meta property=\"article:modified_time\" content=\"2023-02-05T21:10:38+00:00\" \/>\n<meta name=\"twitter:card\" content=\"summary_large_image\" \/>\n<meta name=\"twitter:label1\" content=\"Gesch\u00e4tzte Lesezeit\" \/>\n\t<meta name=\"twitter:data1\" content=\"1\u00a0Minute\" \/>\n<script type=\"application\/ld+json\" class=\"yoast-schema-graph\">{\"@context\":\"https:\/\/schema.org\",\"@graph\":[{\"@type\":\"WebPage\",\"@id\":\"https:\/\/www.\u00f6bv-rebien.de\/?page_id=75\",\"url\":\"https:\/\/www.\u00f6bv-rebien.de\/?page_id=75\",\"name\":\"Ingenieurvermessung - Vermessungsb\u00fcro Rebien | Planen und Bauen\",\"isPartOf\":{\"@id\":\"https:\/\/www.\u00f6bv-rebien.de\/#website\"},\"datePublished\":\"2019-04-04T10:58:19+00:00\",\"dateModified\":\"2023-02-05T21:10:38+00:00\",\"description\":\"Amtlicher Lageplan zum Baugesuch , Absteckung des Bauvorhabens mit H\u00f6henangabe und Schnurger\u00fcsteinschneiden, Setzungsmessungen an Bauwerken\",\"breadcrumb\":{\"@id\":\"https:\/\/www.\u00f6bv-rebien.de\/?page_id=75#breadcrumb\"},\"inLanguage\":\"de\",\"potentialAction\":[{\"@type\":\"ReadAction\",\"target\":[\"https:\/\/www.\u00f6bv-rebien.de\/?page_id=75\"]}]},{\"@type\":\"BreadcrumbList\",\"@id\":\"https:\/\/www.\u00f6bv-rebien.de\/?page_id=75#breadcrumb\",\"itemListElement\":[{\"@type\":\"ListItem\",\"position\":1,\"name\":\"Startseite\",\"item\":\"https:\/\/www.\u00f6bv-rebien.de\/\"},{\"@type\":\"ListItem\",\"position\":2,\"name\":\"Ingenieurvermessung\"}]},{\"@type\":\"WebSite\",\"@id\":\"https:\/\/www.\u00f6bv-rebien.de\/#website\",\"url\":\"https:\/\/www.\u00f6bv-rebien.de\/\",\"name\":\"Vermessungsb\u00fcro Rebien\",\"description\":\"\u00d6ffentlich bestellte Vermessungsingeniure\",\"publisher\":{\"@id\":\"https:\/\/www.\u00f6bv-rebien.de\/#organization\"},\"potentialAction\":[{\"@type\":\"SearchAction\",\"target\":{\"@type\":\"EntryPoint\",\"urlTemplate\":\"https:\/\/www.\u00f6bv-rebien.de\/?s={search_term_string}\"},\"query-input\":{\"@type\":\"PropertyValueSpecification\",\"valueRequired\":true,\"valueName\":\"search_term_string\"}}],\"inLanguage\":\"de\"},{\"@type\":\"Organization\",\"@id\":\"https:\/\/www.\u00f6bv-rebien.de\/#organization\",\"name\":\"Vermessungsb\u00fcro Rebien\",\"url\":\"https:\/\/www.\u00f6bv-rebien.de\/\",\"logo\":{\"@type\":\"ImageObject\",\"inLanguage\":\"de\",\"@id\":\"https:\/\/www.\u00f6bv-rebien.de\/#\/schema\/logo\/image\/\",\"url\":\"https:\/\/www.\u00f6bv-rebien.de\/wp-content\/uploads\/2019\/10\/cropped-logo_neu.png\",\"contentUrl\":\"https:\/\/www.\u00f6bv-rebien.de\/wp-content\/uploads\/2019\/10\/cropped-logo_neu.png\",\"width\":600,\"height\":147,\"caption\":\"Vermessungsb\u00fcro Rebien\"},\"image\":{\"@id\":\"https:\/\/www.\u00f6bv-rebien.de\/#\/schema\/logo\/image\/\"}}]}<\/script>\n<!-- \/ Yoast SEO plugin. -->","yoast_head_json":{"title":"Ingenieurvermessung - Vermessungsb\u00fcro Rebien | Planen und Bauen","description":"Amtlicher Lageplan zum Baugesuch , Absteckung des Bauvorhabens mit H\u00f6henangabe und Schnurger\u00fcsteinschneiden, Setzungsmessungen an Bauwerken","robots":{"index":"index","follow":"follow","max-snippet":"max-snippet:-1","max-image-preview":"max-image-preview:large","max-video-preview":"max-video-preview:-1"},"canonical":"https:\/\/www.\u00f6bv-rebien.de\/?page_id=75","og_locale":"de_DE","og_type":"article","og_title":"Ingenieurvermessung - Vermessungsb\u00fcro Rebien | Planen und Bauen","og_description":"Amtlicher Lageplan zum Baugesuch , Absteckung des Bauvorhabens mit H\u00f6henangabe und Schnurger\u00fcsteinschneiden, Setzungsmessungen an Bauwerken","og_url":"https:\/\/www.\u00f6bv-rebien.de\/?page_id=75","og_site_name":"Vermessungsb\u00fcro Rebien","article_modified_time":"2023-02-05T21:10:38+00:00","twitter_card":"summary_large_image","twitter_misc":{"Gesch\u00e4tzte Lesezeit":"1\u00a0Minute"},"schema":{"@context":"https:\/\/schema.org","@graph":[{"@type":"WebPage","@id":"https:\/\/www.\u00f6bv-rebien.de\/?page_id=75","url":"https:\/\/www.\u00f6bv-rebien.de\/?page_id=75","name":"Ingenieurvermessung - Vermessungsb\u00fcro Rebien | Planen und Bauen","isPartOf":{"@id":"https:\/\/www.\u00f6bv-rebien.de\/#website"},"datePublished":"2019-04-04T10:58:19+00:00","dateModified":"2023-02-05T21:10:38+00:00","description":"Amtlicher Lageplan zum Baugesuch , Absteckung des Bauvorhabens mit H\u00f6henangabe und Schnurger\u00fcsteinschneiden, Setzungsmessungen an Bauwerken","breadcrumb":{"@id":"https:\/\/www.\u00f6bv-rebien.de\/?page_id=75#breadcrumb"},"inLanguage":"de","potentialAction":[{"@type":"ReadAction","target":["https:\/\/www.\u00f6bv-rebien.de\/?page_id=75"]}]},{"@type":"BreadcrumbList","@id":"https:\/\/www.\u00f6bv-rebien.de\/?page_id=75#breadcrumb","itemListElement":[{"@type":"ListItem","position":1,"name":"Startseite","item":"https:\/\/www.\u00f6bv-rebien.de\/"},{"@type":"ListItem","position":2,"name":"Ingenieurvermessung"}]},{"@type":"WebSite","@id":"https:\/\/www.\u00f6bv-rebien.de\/#website","url":"https:\/\/www.\u00f6bv-rebien.de\/","name":"Vermessungsb\u00fcro Rebien","description":"\u00d6ffentlich bestellte Vermessungsingeniure","publisher":{"@id":"https:\/\/www.\u00f6bv-rebien.de\/#organization"},"potentialAction":[{"@type":"SearchAction","target":{"@type":"EntryPoint","urlTemplate":"https:\/\/www.\u00f6bv-rebien.de\/?s={search_term_string}"},"query-input":{"@type":"PropertyValueSpecification","valueRequired":true,"valueName":"search_term_string"}}],"inLanguage":"de"},{"@type":"Organization","@id":"https:\/\/www.\u00f6bv-rebien.de\/#organization","name":"Vermessungsb\u00fcro Rebien","url":"https:\/\/www.\u00f6bv-rebien.de\/","logo":{"@type":"ImageObject","inLanguage":"de","@id":"https:\/\/www.\u00f6bv-rebien.de\/#\/schema\/logo\/image\/","url":"https:\/\/www.\u00f6bv-rebien.de\/wp-content\/uploads\/2019\/10\/cropped-logo_neu.png","contentUrl":"https:\/\/www.\u00f6bv-rebien.de\/wp-content\/uploads\/2019\/10\/cropped-logo_neu.png","width":600,"height":147,"caption":"Vermessungsb\u00fcro Rebien"},"image":{"@id":"https:\/\/www.\u00f6bv-rebien.de\/#\/schema\/logo\/image\/"}}]}},"_links":{"self":[{"href":"https:\/\/www.\u00f6bv-rebien.de\/index.php?rest_route=\/wp\/v2\/pages\/75","targetHints":{"allow":["GET"]}}],"collection":[{"href":"https:\/\/www.\u00f6bv-rebien.de\/index.php?rest_route=\/wp\/v2\/pages"}],"about":[{"href":"https:\/\/www.\u00f6bv-rebien.de\/index.php?rest_route=\/wp\/v2\/types\/page"}],"author":[{"embeddable":true,"href":"https:\/\/www.\u00f6bv-rebien.de\/index.php?rest_route=\/wp\/v2\/users\/4"}],"replies":[{"embeddable":true,"href":"https:\/\/www.\u00f6bv-rebien.de\/index.php?rest_route=%2Fwp%2Fv2%2Fcomments&post=75"}],"version-history":[{"count":43,"href":"https:\/\/www.\u00f6bv-rebien.de\/index.php?rest_route=\/wp\/v2\/pages\/75\/revisions"}],"predecessor-version":[{"id":710,"href":"https:\/\/www.\u00f6bv-rebien.de\/index.php?rest_route=\/wp\/v2\/pages\/75\/revisions\/710"}],"wp:attachment":[{"href":"https:\/\/www.\u00f6bv-rebien.de\/index.php?rest_route=%2Fwp%2Fv2%2Fmedia&parent=75"}],"curies":[{"name":"wp","href":"https:\/\/api.w.org\/{rel}","templated":true}]}}