{"id":281,"date":"2019-05-08T14:59:39","date_gmt":"2019-05-08T12:59:39","guid":{"rendered":"http:\/\/immobilienulm.de\/?page_id=281"},"modified":"2020-12-04T21:42:02","modified_gmt":"2020-12-04T20:42:02","slug":"aktuelles","status":"publish","type":"page","link":"https:\/\/www.\u00f6bv-rebien.de\/?page_id=281","title":{"rendered":"Aktuelles"},"content":{"rendered":"\t\t<div data-elementor-type=\"wp-post\" data-elementor-id=\"281\" class=\"elementor elementor-281\" data-elementor-post-type=\"page\">\n\t\t\t\t\t\t<section class=\"elementor-section elementor-top-section elementor-element elementor-element-62e98af elementor-section-full_width elementor-section-height-min-height elementor-section-items-stretch elementor-section-content-middle elementor-section-height-default\" data-id=\"62e98af\" data-element_type=\"section\">\n\t\t\t\t\t\t<div class=\"elementor-container elementor-column-gap-default\">\n\t\t\t\t\t<div class=\"elementor-column elementor-col-50 elementor-top-column elementor-element elementor-element-f307e86\" data-id=\"f307e86\" data-element_type=\"column\" data-settings=\"{&quot;background_background&quot;:&quot;classic&quot;}\">\n\t\t\t<div class=\"elementor-widget-wrap elementor-element-populated\">\n\t\t\t\t\t\t<section class=\"elementor-section elementor-inner-section elementor-element elementor-element-157085c elementor-section-content-top animated-slow elementor-section-boxed elementor-section-height-default elementor-section-height-default elementor-invisible\" data-id=\"157085c\" data-element_type=\"section\" data-settings=\"{&quot;animation&quot;:&quot;fadeIn&quot;}\">\n\t\t\t\t\t\t<div class=\"elementor-container elementor-column-gap-default\">\n\t\t\t\t\t<div class=\"elementor-column elementor-col-100 elementor-inner-column elementor-element elementor-element-ed9ab2b\" data-id=\"ed9ab2b\" data-element_type=\"column\">\n\t\t\t<div class=\"elementor-widget-wrap elementor-element-populated\">\n\t\t\t\t\t\t<div class=\"elementor-element elementor-element-e19c20b elementor-widget elementor-widget-heading\" data-id=\"e19c20b\" data-element_type=\"widget\" data-widget_type=\"heading.default\">\n\t\t\t\t<div class=\"elementor-widget-container\">\n\t\t\t\t\t<h1 class=\"elementor-heading-title elementor-size-small\"><strong>V<\/strong>ermessungsb\u00fcro Rebien<\/h1>\t\t\t\t<\/div>\n\t\t\t\t<\/div>\n\t\t\t\t\t<\/div>\n\t\t<\/div>\n\t\t\t\t\t<\/div>\n\t\t<\/section>\n\t\t\t\t\t<\/div>\n\t\t<\/div>\n\t\t\t\t<div class=\"elementor-column elementor-col-50 elementor-top-column elementor-element elementor-element-5bb8646\" data-id=\"5bb8646\" data-element_type=\"column\" data-settings=\"{&quot;background_background&quot;:&quot;classic&quot;}\">\n\t\t\t<div class=\"elementor-widget-wrap elementor-element-populated\">\n\t\t\t\t\t\t<div class=\"elementor-element elementor-element-e50d813 elementor-widget elementor-widget-spacer\" data-id=\"e50d813\" data-element_type=\"widget\" data-widget_type=\"spacer.default\">\n\t\t\t\t<div class=\"elementor-widget-container\">\n\t\t\t\t\t\t\t<div class=\"elementor-spacer\">\n\t\t\t<div class=\"elementor-spacer-inner\"><\/div>\n\t\t<\/div>\n\t\t\t\t\t\t<\/div>\n\t\t\t\t<\/div>\n\t\t\t\t<div class=\"elementor-element elementor-element-bfe8231 elementor-widget elementor-widget-heading\" data-id=\"bfe8231\" data-element_type=\"widget\" data-widget_type=\"heading.default\">\n\t\t\t\t<div class=\"elementor-widget-container\">\n\t\t\t\t\t<h2 class=\"elementor-heading-title elementor-size-large\">Aktuelles<\/h2>\t\t\t\t<\/div>\n\t\t\t\t<\/div>\n\t\t\t\t<div class=\"elementor-element elementor-element-06cdc52 elementor-widget elementor-widget-spacer\" data-id=\"06cdc52\" data-element_type=\"widget\" data-widget_type=\"spacer.default\">\n\t\t\t\t<div class=\"elementor-widget-container\">\n\t\t\t\t\t\t\t<div class=\"elementor-spacer\">\n\t\t\t<div class=\"elementor-spacer-inner\"><\/div>\n\t\t<\/div>\n\t\t\t\t\t\t<\/div>\n\t\t\t\t<\/div>\n\t\t\t\t<div class=\"elementor-element elementor-element-24b7d21 elementor-flip-box--effect-flip elementor-flip-box--direction-up elementor-widget elementor-widget-flip-box\" data-id=\"24b7d21\" data-element_type=\"widget\" data-widget_type=\"flip-box.default\">\n\t\t\t\t<div class=\"elementor-widget-container\">\n\t\t\t\t\t\t\t<div class=\"elementor-flip-box\" tabindex=\"0\">\n\t\t\t<div class=\"elementor-flip-box__layer elementor-flip-box__front\">\n\t\t\t\t<div class=\"elementor-flip-box__layer__overlay\">\n\t\t\t\t\t<div class=\"elementor-flip-box__layer__inner\">\n\t\t\t\t\t\t\t\t\t\t\t\t\t<div class=\"elementor-icon-wrapper elementor-view-default\">\n\t\t\t\t\t\t\t\t<div class=\"elementor-icon\">\n\t\t\t\t\t\t\t\t\t<i class=\"fas fa-exclamation-circle\"><\/i>\t\t\t\t\t\t\t\t<\/div>\n\t\t\t\t\t\t\t<\/div>\n\t\t\t\t\t\t\n\t\t\t\t\t\t\t\t\t\t\t\t\t<h3 class=\"elementor-flip-box__layer__title\">\n\t\t\t\t\t\t\t\tWir unterst\u00fctzen die Aktionswoche Geod\u00e4sie\t\t\t\t\t\t\t<\/h3>\n\t\t\t\t\t\t\n\t\t\t\t\t\t\t\t\t\t\t\t\t<div class=\"elementor-flip-box__layer__description\">\n\t\t\t\t\t\t\t\tDie \u201eAktionswoche Geod\u00e4sie Baden-W\u00fcrttemberg\u201c ist eine gro\u00df angelegte Nachwuchs- und \u00d6ffentlichkeitskampagne, die Neugierde wecken und deutlich zeigen soll, dass Geod\u00e4sie bei zahlreichen Zukunftsfragen unverzichtbar ist. Zu diesem Zweck stellen Geod\u00e4tinnen und Geod\u00e4ten im ganzen Land mit Mitmachaktionen, Infost\u00e4nden und Vortr\u00e4gen unter dem Motto \u201eFaszination Erde \u2013 Deine Zukunft\u201c ihren abwechslungsreichen Beruf vor.\n\n\t\t\t\t\t\t\t<\/div>\n\t\t\t\t\t\t\t\t\t\t\t<\/div>\n\t\t\t\t<\/div>\n\t\t\t<\/div>\n\t\t\t<div class=\"elementor-flip-box__layer elementor-flip-box__back\">\n\t\t\t<div class=\"elementor-flip-box__layer__overlay\">\n\t\t\t\t<div class=\"elementor-flip-box__layer__inner\">\n\t\t\t\t\t\t\t\t\t\t\t<h3 class=\"elementor-flip-box__layer__title\">\n\t\t\t\t\t\t\tAktionswoche Geod\u00e4sie\t\t\t\t\t\t<\/h3>\n\t\t\t\t\t\n\t\t\t\t\t\t\t\t\t\t\t<div class=\"elementor-flip-box__layer__description\">\n\t\t\t\t\t\t\tHier gehts direkt zu den Veranstaltungen\t\t\t\t\t\t<\/div>\n\t\t\t\t\t\n\t\t\t\t\t\t\t\t\t\t\t<a class=\"elementor-flip-box__button elementor-button elementor-size-sm\" href=\"https:\/\/www.aktionswoche-geodaesie-bw.de\/veranstaltungen\/\" target=\"_blank\">\n\t\t\t\t\t\t\tSeite aufrufen\t\t\t\t\t\t<\/a>\n\t\t\t\t\t\t\t\t<\/div>\n\t\t<\/div>\n\t\t<\/div>\n\t\t<\/div>\n\t\t\t\t\t\t<\/div>\n\t\t\t\t<\/div>\n\t\t\t\t\t<\/div>\n\t\t<\/div>\n\t\t\t\t\t<\/div>\n\t\t<\/section>\n\t\t\t\t<section class=\"elementor-section elementor-top-section elementor-element elementor-element-a601185 elementor-section-boxed elementor-section-height-default elementor-section-height-default\" data-id=\"a601185\" data-element_type=\"section\">\n\t\t\t\t\t\t<div class=\"elementor-container elementor-column-gap-default\">\n\t\t\t\t\t<div class=\"elementor-column elementor-col-100 elementor-top-column elementor-element elementor-element-3c0a070\" data-id=\"3c0a070\" data-element_type=\"column\">\n\t\t\t<div class=\"elementor-widget-wrap elementor-element-populated\">\n\t\t\t\t\t\t<section class=\"elementor-section elementor-inner-section elementor-element elementor-element-f15b773 elementor-section-boxed elementor-section-height-default elementor-section-height-default\" data-id=\"f15b773\" data-element_type=\"section\">\n\t\t\t\t\t\t<div class=\"elementor-container elementor-column-gap-default\">\n\t\t\t\t\t<div class=\"elementor-column elementor-col-50 elementor-inner-column elementor-element elementor-element-e44b4b9\" data-id=\"e44b4b9\" data-element_type=\"column\">\n\t\t\t<div class=\"elementor-widget-wrap elementor-element-populated\">\n\t\t\t\t\t\t<div class=\"elementor-element elementor-element-44e21d4 elementor-widget elementor-widget-image\" data-id=\"44e21d4\" data-element_type=\"widget\" data-widget_type=\"image.default\">\n\t\t\t\t<div class=\"elementor-widget-container\">\n\t\t\t\t\t\t\t\t\t\t\t\t\t\t\t<img decoding=\"async\" width=\"300\" height=\"123\" src=\"https:\/\/www.\u00f6bv-rebien.de\/wp-content\/uploads\/2019\/04\/aktionswoche_geodaesie_logo.jpg\" class=\"attachment-large size-large wp-image-127\" alt=\"Aktionswoche Geod\u00e4sie\" \/>\t\t\t\t\t\t\t\t\t\t\t\t\t\t\t<\/div>\n\t\t\t\t<\/div>\n\t\t\t\t\t<\/div>\n\t\t<\/div>\n\t\t\t\t<div class=\"elementor-column elementor-col-50 elementor-inner-column elementor-element elementor-element-4f30381\" data-id=\"4f30381\" data-element_type=\"column\">\n\t\t\t<div class=\"elementor-widget-wrap elementor-element-populated\">\n\t\t\t\t\t\t<div class=\"elementor-element elementor-element-e2f4868 elementor-widget elementor-widget-wp-widget-rss\" data-id=\"e2f4868\" data-element_type=\"widget\" data-widget_type=\"wp-widget-rss.default\">\n\t\t\t\t<div class=\"elementor-widget-container\">\n\t\t\t\t\t<h5><a class=\"rsswidget rss-widget-feed\" href=\"https:\/\/www.aktionswoche-geodaesie-bw.de\/feed\"><img decoding=\"async\" class=\"rss-widget-icon\" style=\"border:0\" width=\"14\" height=\"14\" src=\"https:\/\/www.\u00f6bv-rebien.de\/wp-includes\/images\/rss.png\" alt=\"RSS\" \/><\/a> <a class=\"rsswidget rss-widget-title\" href=\"https:\/\/aktionswoche-geodaesie-bw.de\/\">Aktuelles von der Atkionswoche Geod\u00e4sie<\/a><\/h5><ul><li><a class='rsswidget' href='https:\/\/aktionswoche-geodaesie-bw.de\/aktionswoche-geodasie-im-landkreis-emmendingen\/'>Aktionswoche Geod\u00e4sie im Landkreis Emmendingen<\/a> <span class=\"rss-date\">30. August 2023<\/span><div class=\"rssSummary\">Mit Tachymeter, Nivellierger\u00e4t und Tracker unterwegs (Bericht Baden-TV-S\u00fcd) Wie wird die H\u00f6he eines Hauses gemessen? Wie bestimmt man die genaue Strecke eines Abschnitts? Und was haben GPS-Systeme wie Routenplaner und eine Drohne mit dem Beruf der Vermesser zu tun? Diese und weitere Fragen wurden beim Aktionstag Geod\u00e4sie beantwortet. Im Emmendinger Stadtgarten hatten die Mitarbeitenden des [&hellip;]<\/div><\/li><li><a class='rsswidget' href='https:\/\/aktionswoche-geodaesie-bw.de\/aktionswoche-geodasie-im-alb-donau-kreis\/'>Aktionswoche Geod\u00e4sie im Alb-Donau-Kreis<\/a> <span class=\"rss-date\">22. August 2023<\/span><div class=\"rssSummary\">Action am Groggensee Alle Jahre wieder hei\u00dft es nun schon am Ehinger Groggensee, wenn die Gemeinsame Dienststelle Flurneuordnung in Ehingen zur Aktionswoche Geod\u00e4sie vom 17. Bis zum 19. Juli einl\u00e4dt. Beteiligt sind sechs Klassen von Gemeinschaftsschule bis Gymnasium. Mit unterschiedlichen Aufgaben, wird den Sch\u00fclern die Welt der Geod\u00e4sie \u2013 insbesondere die Flurneuordnung n\u00e4hergebracht. \u201eFehler finden\u201c [&hellip;]<\/div><\/li><li><a class='rsswidget' href='https:\/\/aktionswoche-geodaesie-bw.de\/aktionswoche-geodasie-am-lessing-gymnasium-karlsruhe\/'>Aktionswoche Geod\u00e4sie am Lessing-Gymnasium Karlsruhe<\/a> <span class=\"rss-date\">21. August 2023<\/span><div class=\"rssSummary\">Welcher Beruf verbirgt sich hinter der Bezeichnung Geod\u00e4t, welche Techniken werden eingesetzt, wie l\u00e4uft die Berufsausbildung bzw. das Studium und wie sind die k\u00fcnftigen Chancen der Einstellung bzw. des Aufstiegs? Diese Fragen beantwortete im Rahmen der \u201eAktionswoche Geod\u00e4sie\u201c das Team \u201eRegion Karlsruhe\u201c bestehend aus Vertretern des KIT, der Hochschule Karlsruhe, Heinrich H\u00fcbsch Berufsschule, von den [&hellip;]<\/div><\/li><\/ul>\t\t\t\t<\/div>\n\t\t\t\t<\/div>\n\t\t\t\t\t<\/div>\n\t\t<\/div>\n\t\t\t\t\t<\/div>\n\t\t<\/section>\n\t\t\t\t\t<\/div>\n\t\t<\/div>\n\t\t\t\t\t<\/div>\n\t\t<\/section>\n\t\t\t\t<\/div>\n\t\t","protected":false},"excerpt":{"rendered":"<p>Vermessungsb\u00fcro Rebien Aktuelles Wir unterst\u00fctzen die Aktionswoche Geod\u00e4sie Die \u201eAktionswoche Geod\u00e4sie Baden-W\u00fcrttemberg\u201c ist eine gro\u00df angelegte Nachwuchs- und \u00d6ffentlichkeitskampagne, die Neugierde wecken und deutlich zeigen soll, dass Geod\u00e4sie bei zahlreichen Zukunftsfragen unverzichtbar ist. Zu diesem Zweck stellen Geod\u00e4tinnen und Geod\u00e4ten im ganzen Land mit Mitmachaktionen, Infost\u00e4nden und Vortr\u00e4gen unter dem Motto \u201eFaszination Erde \u2013 Deine [&hellip;]<\/p>\n","protected":false},"author":4,"featured_media":0,"parent":0,"menu_order":0,"comment_status":"closed","ping_status":"closed","template":"","meta":{"footnotes":""},"class_list":["post-281","page","type-page","status-publish","hentry"],"yoast_head":"<!-- This site is optimized with the Yoast SEO plugin v24.9 - https:\/\/yoast.com\/wordpress\/plugins\/seo\/ -->\n<title>Aktuelles - Vermessungsb\u00fcro Rebien<\/title>\n<meta name=\"robots\" content=\"index, follow, max-snippet:-1, max-image-preview:large, max-video-preview:-1\" \/>\n<link rel=\"canonical\" href=\"https:\/\/www.\u00f6bv-rebien.de\/?page_id=281\" \/>\n<meta property=\"og:locale\" content=\"de_DE\" \/>\n<meta property=\"og:type\" content=\"article\" \/>\n<meta property=\"og:title\" content=\"Aktuelles - Vermessungsb\u00fcro Rebien\" \/>\n<meta property=\"og:description\" content=\"Vermessungsb\u00fcro Rebien Aktuelles Wir unterst\u00fctzen die Aktionswoche Geod\u00e4sie Die \u201eAktionswoche Geod\u00e4sie Baden-W\u00fcrttemberg\u201c ist eine gro\u00df angelegte Nachwuchs- und \u00d6ffentlichkeitskampagne, die Neugierde wecken und deutlich zeigen soll, dass Geod\u00e4sie bei zahlreichen Zukunftsfragen unverzichtbar ist. Zu diesem Zweck stellen Geod\u00e4tinnen und Geod\u00e4ten im ganzen Land mit Mitmachaktionen, Infost\u00e4nden und Vortr\u00e4gen unter dem Motto \u201eFaszination Erde \u2013 Deine [&hellip;]\" \/>\n<meta property=\"og:url\" content=\"https:\/\/www.\u00f6bv-rebien.de\/?page_id=281\" \/>\n<meta property=\"og:site_name\" content=\"Vermessungsb\u00fcro Rebien\" \/>\n<meta property=\"article:modified_time\" content=\"2020-12-04T20:42:02+00:00\" \/>\n<meta name=\"twitter:card\" content=\"summary_large_image\" \/>\n<script type=\"application\/ld+json\" class=\"yoast-schema-graph\">{\"@context\":\"https:\/\/schema.org\",\"@graph\":[{\"@type\":\"WebPage\",\"@id\":\"https:\/\/www.\u00f6bv-rebien.de\/?page_id=281\",\"url\":\"https:\/\/www.\u00f6bv-rebien.de\/?page_id=281\",\"name\":\"Aktuelles - Vermessungsb\u00fcro Rebien\",\"isPartOf\":{\"@id\":\"https:\/\/www.\u00f6bv-rebien.de\/#website\"},\"datePublished\":\"2019-05-08T12:59:39+00:00\",\"dateModified\":\"2020-12-04T20:42:02+00:00\",\"breadcrumb\":{\"@id\":\"https:\/\/www.\u00f6bv-rebien.de\/?page_id=281#breadcrumb\"},\"inLanguage\":\"de\",\"potentialAction\":[{\"@type\":\"ReadAction\",\"target\":[\"https:\/\/www.\u00f6bv-rebien.de\/?page_id=281\"]}]},{\"@type\":\"BreadcrumbList\",\"@id\":\"https:\/\/www.\u00f6bv-rebien.de\/?page_id=281#breadcrumb\",\"itemListElement\":[{\"@type\":\"ListItem\",\"position\":1,\"name\":\"Startseite\",\"item\":\"https:\/\/www.\u00f6bv-rebien.de\/\"},{\"@type\":\"ListItem\",\"position\":2,\"name\":\"Aktuelles\"}]},{\"@type\":\"WebSite\",\"@id\":\"https:\/\/www.\u00f6bv-rebien.de\/#website\",\"url\":\"https:\/\/www.\u00f6bv-rebien.de\/\",\"name\":\"Vermessungsb\u00fcro Rebien\",\"description\":\"\u00d6ffentlich bestellte Vermessungsingeniure\",\"publisher\":{\"@id\":\"https:\/\/www.\u00f6bv-rebien.de\/#organization\"},\"potentialAction\":[{\"@type\":\"SearchAction\",\"target\":{\"@type\":\"EntryPoint\",\"urlTemplate\":\"https:\/\/www.\u00f6bv-rebien.de\/?s={search_term_string}\"},\"query-input\":{\"@type\":\"PropertyValueSpecification\",\"valueRequired\":true,\"valueName\":\"search_term_string\"}}],\"inLanguage\":\"de\"},{\"@type\":\"Organization\",\"@id\":\"https:\/\/www.\u00f6bv-rebien.de\/#organization\",\"name\":\"Vermessungsb\u00fcro Rebien\",\"url\":\"https:\/\/www.\u00f6bv-rebien.de\/\",\"logo\":{\"@type\":\"ImageObject\",\"inLanguage\":\"de\",\"@id\":\"https:\/\/www.\u00f6bv-rebien.de\/#\/schema\/logo\/image\/\",\"url\":\"https:\/\/www.\u00f6bv-rebien.de\/wp-content\/uploads\/2019\/10\/cropped-logo_neu.png\",\"contentUrl\":\"https:\/\/www.\u00f6bv-rebien.de\/wp-content\/uploads\/2019\/10\/cropped-logo_neu.png\",\"width\":600,\"height\":147,\"caption\":\"Vermessungsb\u00fcro Rebien\"},\"image\":{\"@id\":\"https:\/\/www.\u00f6bv-rebien.de\/#\/schema\/logo\/image\/\"}}]}<\/script>\n<!-- \/ Yoast SEO plugin. -->","yoast_head_json":{"title":"Aktuelles - Vermessungsb\u00fcro Rebien","robots":{"index":"index","follow":"follow","max-snippet":"max-snippet:-1","max-image-preview":"max-image-preview:large","max-video-preview":"max-video-preview:-1"},"canonical":"https:\/\/www.\u00f6bv-rebien.de\/?page_id=281","og_locale":"de_DE","og_type":"article","og_title":"Aktuelles - Vermessungsb\u00fcro Rebien","og_description":"Vermessungsb\u00fcro Rebien Aktuelles Wir unterst\u00fctzen die Aktionswoche Geod\u00e4sie Die \u201eAktionswoche Geod\u00e4sie Baden-W\u00fcrttemberg\u201c ist eine gro\u00df angelegte Nachwuchs- und \u00d6ffentlichkeitskampagne, die Neugierde wecken und deutlich zeigen soll, dass Geod\u00e4sie bei zahlreichen Zukunftsfragen unverzichtbar ist. Zu diesem Zweck stellen Geod\u00e4tinnen und Geod\u00e4ten im ganzen Land mit Mitmachaktionen, Infost\u00e4nden und Vortr\u00e4gen unter dem Motto \u201eFaszination Erde \u2013 Deine [&hellip;]","og_url":"https:\/\/www.\u00f6bv-rebien.de\/?page_id=281","og_site_name":"Vermessungsb\u00fcro Rebien","article_modified_time":"2020-12-04T20:42:02+00:00","twitter_card":"summary_large_image","schema":{"@context":"https:\/\/schema.org","@graph":[{"@type":"WebPage","@id":"https:\/\/www.\u00f6bv-rebien.de\/?page_id=281","url":"https:\/\/www.\u00f6bv-rebien.de\/?page_id=281","name":"Aktuelles - Vermessungsb\u00fcro Rebien","isPartOf":{"@id":"https:\/\/www.\u00f6bv-rebien.de\/#website"},"datePublished":"2019-05-08T12:59:39+00:00","dateModified":"2020-12-04T20:42:02+00:00","breadcrumb":{"@id":"https:\/\/www.\u00f6bv-rebien.de\/?page_id=281#breadcrumb"},"inLanguage":"de","potentialAction":[{"@type":"ReadAction","target":["https:\/\/www.\u00f6bv-rebien.de\/?page_id=281"]}]},{"@type":"BreadcrumbList","@id":"https:\/\/www.\u00f6bv-rebien.de\/?page_id=281#breadcrumb","itemListElement":[{"@type":"ListItem","position":1,"name":"Startseite","item":"https:\/\/www.\u00f6bv-rebien.de\/"},{"@type":"ListItem","position":2,"name":"Aktuelles"}]},{"@type":"WebSite","@id":"https:\/\/www.\u00f6bv-rebien.de\/#website","url":"https:\/\/www.\u00f6bv-rebien.de\/","name":"Vermessungsb\u00fcro Rebien","description":"\u00d6ffentlich bestellte Vermessungsingeniure","publisher":{"@id":"https:\/\/www.\u00f6bv-rebien.de\/#organization"},"potentialAction":[{"@type":"SearchAction","target":{"@type":"EntryPoint","urlTemplate":"https:\/\/www.\u00f6bv-rebien.de\/?s={search_term_string}"},"query-input":{"@type":"PropertyValueSpecification","valueRequired":true,"valueName":"search_term_string"}}],"inLanguage":"de"},{"@type":"Organization","@id":"https:\/\/www.\u00f6bv-rebien.de\/#organization","name":"Vermessungsb\u00fcro Rebien","url":"https:\/\/www.\u00f6bv-rebien.de\/","logo":{"@type":"ImageObject","inLanguage":"de","@id":"https:\/\/www.\u00f6bv-rebien.de\/#\/schema\/logo\/image\/","url":"https:\/\/www.\u00f6bv-rebien.de\/wp-content\/uploads\/2019\/10\/cropped-logo_neu.png","contentUrl":"https:\/\/www.\u00f6bv-rebien.de\/wp-content\/uploads\/2019\/10\/cropped-logo_neu.png","width":600,"height":147,"caption":"Vermessungsb\u00fcro Rebien"},"image":{"@id":"https:\/\/www.\u00f6bv-rebien.de\/#\/schema\/logo\/image\/"}}]}},"_links":{"self":[{"href":"https:\/\/www.\u00f6bv-rebien.de\/index.php?rest_route=\/wp\/v2\/pages\/281","targetHints":{"allow":["GET"]}}],"collection":[{"href":"https:\/\/www.\u00f6bv-rebien.de\/index.php?rest_route=\/wp\/v2\/pages"}],"about":[{"href":"https:\/\/www.\u00f6bv-rebien.de\/index.php?rest_route=\/wp\/v2\/types\/page"}],"author":[{"embeddable":true,"href":"https:\/\/www.\u00f6bv-rebien.de\/index.php?rest_route=\/wp\/v2\/users\/4"}],"replies":[{"embeddable":true,"href":"https:\/\/www.\u00f6bv-rebien.de\/index.php?rest_route=%2Fwp%2Fv2%2Fcomments&post=281"}],"version-history":[{"count":21,"href":"https:\/\/www.\u00f6bv-rebien.de\/index.php?rest_route=\/wp\/v2\/pages\/281\/revisions"}],"predecessor-version":[{"id":661,"href":"https:\/\/www.\u00f6bv-rebien.de\/index.php?rest_route=\/wp\/v2\/pages\/281\/revisions\/661"}],"wp:attachment":[{"href":"https:\/\/www.\u00f6bv-rebien.de\/index.php?rest_route=%2Fwp%2Fv2%2Fmedia&parent=281"}],"curies":[{"name":"wp","href":"https:\/\/api.w.org\/{rel}","templated":true}]}}