{"id":117,"date":"2019-04-04T15:18:54","date_gmt":"2019-04-04T13:18:54","guid":{"rendered":"http:\/\/immobilienulm.de\/?page_id=117"},"modified":"2019-10-07T18:56:04","modified_gmt":"2019-10-07T16:56:04","slug":"impressum","status":"publish","type":"page","link":"https:\/\/www.\u00f6bv-rebien.de\/?page_id=117","title":{"rendered":"Impressum"},"content":{"rendered":"\t\t<div data-elementor-type=\"wp-post\" data-elementor-id=\"117\" class=\"elementor elementor-117\" data-elementor-post-type=\"page\">\n\t\t\t\t\t\t<section class=\"elementor-section elementor-top-section elementor-element elementor-element-61894fa4 elementor-section-boxed elementor-section-height-default elementor-section-height-default\" data-id=\"61894fa4\" data-element_type=\"section\" data-settings=\"{&quot;background_background&quot;:&quot;classic&quot;}\">\n\t\t\t\t\t\t<div class=\"elementor-container elementor-column-gap-default\">\n\t\t\t\t\t<div class=\"elementor-column elementor-col-50 elementor-top-column elementor-element elementor-element-3c73dc97\" data-id=\"3c73dc97\" data-element_type=\"column\" data-settings=\"{&quot;background_background&quot;:&quot;classic&quot;}\">\n\t\t\t<div class=\"elementor-widget-wrap elementor-element-populated\">\n\t\t\t\t\t\t<div class=\"elementor-element elementor-element-1766895a elementor-widget elementor-widget-heading\" data-id=\"1766895a\" data-element_type=\"widget\" data-widget_type=\"heading.default\">\n\t\t\t\t<div class=\"elementor-widget-container\">\n\t\t\t\t\t<h1 class=\"elementor-heading-title elementor-size-large\">Impressum<\/h1>\t\t\t\t<\/div>\n\t\t\t\t<\/div>\n\t\t\t\t<div class=\"elementor-element elementor-element-609e19cb elementor-widget-divider--view-line elementor-widget elementor-widget-divider\" data-id=\"609e19cb\" data-element_type=\"widget\" data-widget_type=\"divider.default\">\n\t\t\t\t<div class=\"elementor-widget-container\">\n\t\t\t\t\t\t\t<div class=\"elementor-divider\">\n\t\t\t<span class=\"elementor-divider-separator\">\n\t\t\t\t\t\t<\/span>\n\t\t<\/div>\n\t\t\t\t\t\t<\/div>\n\t\t\t\t<\/div>\n\t\t\t\t<div class=\"elementor-element elementor-element-1bd54714 elementor-widget elementor-widget-text-editor\" data-id=\"1bd54714\" data-element_type=\"widget\" data-widget_type=\"text-editor.default\">\n\t\t\t\t<div class=\"elementor-widget-container\">\n\t\t\t\t\t\t\t\t\t<p>Angaben gem\u00e4\u00df \u00a7 5 TMG:<\/p>\n<p>Jochen Rebien<br \/>Klaus Rebien<\/p>\n<p>\u00d6ffentliche bestellte Vermessungsingenieure<br \/>Frauengraben 28<br \/>89073 Ulm<\/p>\t\t\t\t\t\t\t\t<\/div>\n\t\t\t\t<\/div>\n\t\t\t\t\t<\/div>\n\t\t<\/div>\n\t\t\t\t<div class=\"elementor-column elementor-col-50 elementor-top-column elementor-element elementor-element-50ee23d6\" data-id=\"50ee23d6\" data-element_type=\"column\" data-settings=\"{&quot;background_background&quot;:&quot;classic&quot;}\">\n\t\t\t<div class=\"elementor-widget-wrap elementor-element-populated\">\n\t\t\t\t\t\t<div class=\"elementor-element elementor-element-a2b4c99 elementor-widget elementor-widget-text-editor\" data-id=\"a2b4c99\" data-element_type=\"widget\" data-widget_type=\"text-editor.default\">\n\t\t\t\t<div class=\"elementor-widget-container\">\n\t\t\t\t\t\t\t\t\t<h2>Kontakt:<\/h2>\n<!-- \/wp:heading -->\n\n<!-- wp:table -->\n<table class=\"wp-block-table\">\n<tbody>\n<tr>\n<td>Telefon:<\/td>\n<td>+49 (0) 731 64 8 64<\/td>\n<\/tr>\n<tr>\n<td>Telefax:<\/td>\n<td>+49 (0) 731 60 22 384<\/td>\n<\/tr>\n<tr>\n<td>E-Mail:<\/td>\n<td>vermessung@vb-rebien.de<\/td>\n<\/tr>\n<\/tbody>\n<\/table>\t\t\t\t\t\t\t\t<\/div>\n\t\t\t\t<\/div>\n\t\t\t\t\t<\/div>\n\t\t<\/div>\n\t\t\t\t\t<\/div>\n\t\t<\/section>\n\t\t\t\t<section class=\"elementor-section elementor-top-section elementor-element elementor-element-a28c632 elementor-section-boxed elementor-section-height-default elementor-section-height-default\" data-id=\"a28c632\" data-element_type=\"section\">\n\t\t\t\t\t\t<div class=\"elementor-container elementor-column-gap-default\">\n\t\t\t\t\t<div class=\"elementor-column elementor-col-100 elementor-top-column elementor-element elementor-element-39d7b0f\" data-id=\"39d7b0f\" data-element_type=\"column\">\n\t\t\t<div class=\"elementor-widget-wrap elementor-element-populated\">\n\t\t\t\t\t\t<section class=\"elementor-section elementor-inner-section elementor-element elementor-element-0715200 elementor-section-boxed elementor-section-height-default elementor-section-height-default\" data-id=\"0715200\" data-element_type=\"section\">\n\t\t\t\t\t\t<div class=\"elementor-container elementor-column-gap-default\">\n\t\t\t\t\t<div class=\"elementor-column elementor-col-100 elementor-inner-column elementor-element elementor-element-4504ce2\" data-id=\"4504ce2\" data-element_type=\"column\">\n\t\t\t<div class=\"elementor-widget-wrap elementor-element-populated\">\n\t\t\t\t\t\t<div class=\"elementor-element elementor-element-a2ff703 elementor-widget elementor-widget-text-editor\" data-id=\"a2ff703\" data-element_type=\"widget\" data-widget_type=\"text-editor.default\">\n\t\t\t\t<div class=\"elementor-widget-container\">\n\t\t\t\t\t\t\t\t\t<h2>Umsatzsteuer-ID:<\/h2>\n<p><!-- \/wp:heading --><!-- wp:paragraph --><\/p>\n<p>Umsatzsteuer-Identifikationsnummer gem\u00e4\u00df \u00a727 a Umsatzsteuergesetz:<br \/>DE 147047810<\/p>\n<p>Gerichtsstand Ulm<\/p>\n<p><!-- \/wp:paragraph --><!-- wp:paragraph --><\/p>\n<p>Quelle: <em><a href=\"http:\/\/www.e-recht24.de\/impressum-generator.html\" target=\"_blank\" rel=\"noreferrer noopener\">http:\/\/www.e-recht24.de<\/a><\/em><br \/>Design und Programmierung: <a href=\"http:\/\/www.robertkasalo.de\" target=\"_blank\" rel=\"noreferrer noopener\">Robert Kasalo, Ulm<\/a><\/p>\n<p><!-- \/wp:paragraph --><!-- wp:heading --><\/p>\n<h2>Haftungsausschluss (Disclaimer)<\/h2>\n<p><!-- \/wp:heading --><!-- wp:paragraph --><\/p>\n<p><strong>Haftung f\u00fcr Inhalte<\/strong><\/p>\n<p><!-- \/wp:paragraph --><!-- wp:paragraph --><\/p>\n<p>Als Diensteanbieter sind wir gem\u00e4\u00df \u00a7 7 Abs.1 TMG f\u00fcr eigene Inhalte auf diesen Seiten nach den allgemeinen Gesetzen verantwortlich. Nach \u00a7\u00a7 8 bis 10 TMG sind wir als Diensteanbieter jedoch nicht verpflichtet, \u00fcbermittelte oder gespeicherte fremde Informationen zu \u00fcberwachen oder nach Umst\u00e4nden zu forschen, die auf eine rechtswidrige T\u00e4tigkeit hinweisen. Verpflichtungen zur Entfernung oder Sperrung der Nutzung von Informationen nach den allgemeinen Gesetzen bleiben hiervon unber\u00fchrt. Eine diesbez\u00fcgliche Haftung ist jedoch erst ab dem Zeitpunkt der Kenntnis einer konkreten Rechtsverletzung m\u00f6glich. Bei Bekanntwerden von entsprechenden Rechtsverletzungen werden wir diese Inhalte umgehend entfernen.<\/p>\n<p><!-- \/wp:paragraph --><!-- wp:paragraph --><\/p>\n<p><strong>Haftung f\u00fcr Links<\/strong><\/p>\n<p><!-- \/wp:paragraph --><!-- wp:paragraph --><\/p>\n<p>Unser Angebot enth\u00e4lt Links zu externen Webseiten Dritter, auf deren Inhalte wir keinen Einfluss haben. Deshalb k\u00f6nnen wir f\u00fcr diese fremden Inhalte auch keine Gew\u00e4hr \u00fcbernehmen. F\u00fcr die Inhalte der verlinkten Seiten ist stets der jeweilige Anbieter oder Betreiber der Seiten verantwortlich. Die verlinkten Seiten wurden zum Zeitpunkt der Verlinkung auf m\u00f6gliche Rechtsverst\u00f6\u00dfe \u00fcberpr\u00fcft. Rechtswidrige Inhalte waren zum Zeitpunkt der Verlinkung nicht erkennbar. Eine permanente inhaltliche Kontrolle der verlinkten Seiten ist jedoch ohne konkrete Anhaltspunkte einer Rechtsverletzung nicht zumutbar. Bei Bekanntwerden von Rechtsverletzungen werden wir derartige Links umgehend entfernen.<\/p>\n<p><!-- \/wp:paragraph --><!-- wp:paragraph --><\/p>\n<p><strong>Urheberrecht<\/strong><\/p>\n<p><!-- \/wp:paragraph --><!-- wp:paragraph --><\/p>\n<p>Die durch die Seitenbetreiber erstellten Inhalte und Werke auf diesen Seiten unterliegen dem deutschen Urheberrecht. Die Vervielf\u00e4ltigung, Bearbeitung, Verbreitung und jede Art der Verwertung au\u00dferhalb der Grenzen des Urheberrechtes bed\u00fcrfen der schriftlichen Zustimmung des jeweiligen Autors bzw. Erstellers. Downloads und Kopien dieser Seite sind nur f\u00fcr den privaten, nicht kommerziellen Gebrauch gestattet. Soweit die Inhalte auf dieser Seite nicht vom Betreiber erstellt wurden, werden die Urheberrechte Dritter beachtet. Insbesondere werden Inhalte Dritter als solche gekennzeichnet. Sollten Sie trotzdem auf eine Urheberrechtsverletzung aufmerksam werden, bitten wir um einen entsprechenden Hinweis. Bei Bekanntwerden von Rechtsverletzungen werden wir derartige Inhalte umgehend entfernen.<\/p>\n<p><!-- \/wp:paragraph --><!-- wp:paragraph --><\/p>\n<p><em>Quellen: <a href=\"http:\/\/www.e-recht24.de\/muster-disclaimer.html\" target=\"_blank\" rel=\"noreferrer noopener\">Disclaimer eRecht24<\/a>, <a href=\"http:\/\/www.e-recht24.de\/muster-disclaimer.html\" target=\"_blank\" rel=\"noreferrer noopener\">Disclaimer eRecht24<\/a><\/em><\/p>\t\t\t\t\t\t\t\t<\/div>\n\t\t\t\t<\/div>\n\t\t\t\t\t<\/div>\n\t\t<\/div>\n\t\t\t\t\t<\/div>\n\t\t<\/section>\n\t\t\t\t\t<\/div>\n\t\t<\/div>\n\t\t\t\t\t<\/div>\n\t\t<\/section>\n\t\t\t\t<\/div>\n\t\t","protected":false},"excerpt":{"rendered":"<p>Impressum Angaben gem\u00e4\u00df \u00a7 5 TMG: Jochen RebienKlaus Rebien \u00d6ffentliche bestellte VermessungsingenieureFrauengraben 2889073 Ulm Kontakt: Telefon: +49 (0) 731 64 8 64 Telefax: +49 (0) 731 60 22 384 E-Mail: vermessung@vb-rebien.de Umsatzsteuer-ID: Umsatzsteuer-Identifikationsnummer gem\u00e4\u00df \u00a727 a Umsatzsteuergesetz:DE 147047810 Gerichtsstand Ulm Quelle: http:\/\/www.e-recht24.deDesign und Programmierung: Robert Kasalo, Ulm Haftungsausschluss (Disclaimer) Haftung f\u00fcr Inhalte Als Diensteanbieter sind [&hellip;]<\/p>\n","protected":false},"author":4,"featured_media":0,"parent":0,"menu_order":0,"comment_status":"closed","ping_status":"closed","template":"","meta":{"footnotes":""},"class_list":["post-117","page","type-page","status-publish","hentry"],"yoast_head":"<!-- This site is optimized with the Yoast SEO plugin v24.9 - https:\/\/yoast.com\/wordpress\/plugins\/seo\/ -->\n<title>Impressum - Vermessungsb\u00fcro Rebien<\/title>\n<meta name=\"robots\" content=\"index, follow, max-snippet:-1, max-image-preview:large, max-video-preview:-1\" \/>\n<link rel=\"canonical\" href=\"https:\/\/www.\u00f6bv-rebien.de\/?page_id=117\" \/>\n<meta property=\"og:locale\" content=\"de_DE\" \/>\n<meta property=\"og:type\" content=\"article\" \/>\n<meta property=\"og:title\" content=\"Impressum - Vermessungsb\u00fcro Rebien\" \/>\n<meta property=\"og:description\" content=\"Impressum Angaben gem\u00e4\u00df \u00a7 5 TMG: Jochen RebienKlaus Rebien \u00d6ffentliche bestellte VermessungsingenieureFrauengraben 2889073 Ulm Kontakt: Telefon: +49 (0) 731 64 8 64 Telefax: +49 (0) 731 60 22 384 E-Mail: vermessung@vb-rebien.de Umsatzsteuer-ID: Umsatzsteuer-Identifikationsnummer gem\u00e4\u00df \u00a727 a Umsatzsteuergesetz:DE 147047810 Gerichtsstand Ulm Quelle: http:\/\/www.e-recht24.deDesign und Programmierung: Robert Kasalo, Ulm Haftungsausschluss (Disclaimer) Haftung f\u00fcr Inhalte Als Diensteanbieter sind [&hellip;]\" \/>\n<meta property=\"og:url\" content=\"https:\/\/www.\u00f6bv-rebien.de\/?page_id=117\" \/>\n<meta property=\"og:site_name\" content=\"Vermessungsb\u00fcro Rebien\" \/>\n<meta property=\"article:modified_time\" content=\"2019-10-07T16:56:04+00:00\" \/>\n<meta name=\"twitter:card\" content=\"summary_large_image\" \/>\n<meta name=\"twitter:label1\" content=\"Gesch\u00e4tzte Lesezeit\" \/>\n\t<meta name=\"twitter:data1\" content=\"2\u00a0Minuten\" \/>\n<script type=\"application\/ld+json\" class=\"yoast-schema-graph\">{\"@context\":\"https:\/\/schema.org\",\"@graph\":[{\"@type\":\"WebPage\",\"@id\":\"https:\/\/www.\u00f6bv-rebien.de\/?page_id=117\",\"url\":\"https:\/\/www.\u00f6bv-rebien.de\/?page_id=117\",\"name\":\"Impressum - Vermessungsb\u00fcro Rebien\",\"isPartOf\":{\"@id\":\"https:\/\/www.\u00f6bv-rebien.de\/#website\"},\"datePublished\":\"2019-04-04T13:18:54+00:00\",\"dateModified\":\"2019-10-07T16:56:04+00:00\",\"breadcrumb\":{\"@id\":\"https:\/\/www.\u00f6bv-rebien.de\/?page_id=117#breadcrumb\"},\"inLanguage\":\"de\",\"potentialAction\":[{\"@type\":\"ReadAction\",\"target\":[\"https:\/\/www.\u00f6bv-rebien.de\/?page_id=117\"]}]},{\"@type\":\"BreadcrumbList\",\"@id\":\"https:\/\/www.\u00f6bv-rebien.de\/?page_id=117#breadcrumb\",\"itemListElement\":[{\"@type\":\"ListItem\",\"position\":1,\"name\":\"Startseite\",\"item\":\"https:\/\/www.\u00f6bv-rebien.de\/\"},{\"@type\":\"ListItem\",\"position\":2,\"name\":\"Impressum\"}]},{\"@type\":\"WebSite\",\"@id\":\"https:\/\/www.\u00f6bv-rebien.de\/#website\",\"url\":\"https:\/\/www.\u00f6bv-rebien.de\/\",\"name\":\"Vermessungsb\u00fcro Rebien\",\"description\":\"\u00d6ffentlich bestellte Vermessungsingeniure\",\"publisher\":{\"@id\":\"https:\/\/www.\u00f6bv-rebien.de\/#organization\"},\"potentialAction\":[{\"@type\":\"SearchAction\",\"target\":{\"@type\":\"EntryPoint\",\"urlTemplate\":\"https:\/\/www.\u00f6bv-rebien.de\/?s={search_term_string}\"},\"query-input\":{\"@type\":\"PropertyValueSpecification\",\"valueRequired\":true,\"valueName\":\"search_term_string\"}}],\"inLanguage\":\"de\"},{\"@type\":\"Organization\",\"@id\":\"https:\/\/www.\u00f6bv-rebien.de\/#organization\",\"name\":\"Vermessungsb\u00fcro Rebien\",\"url\":\"https:\/\/www.\u00f6bv-rebien.de\/\",\"logo\":{\"@type\":\"ImageObject\",\"inLanguage\":\"de\",\"@id\":\"https:\/\/www.\u00f6bv-rebien.de\/#\/schema\/logo\/image\/\",\"url\":\"https:\/\/www.\u00f6bv-rebien.de\/wp-content\/uploads\/2019\/10\/cropped-logo_neu.png\",\"contentUrl\":\"https:\/\/www.\u00f6bv-rebien.de\/wp-content\/uploads\/2019\/10\/cropped-logo_neu.png\",\"width\":600,\"height\":147,\"caption\":\"Vermessungsb\u00fcro Rebien\"},\"image\":{\"@id\":\"https:\/\/www.\u00f6bv-rebien.de\/#\/schema\/logo\/image\/\"}}]}<\/script>\n<!-- \/ Yoast SEO plugin. -->","yoast_head_json":{"title":"Impressum - Vermessungsb\u00fcro Rebien","robots":{"index":"index","follow":"follow","max-snippet":"max-snippet:-1","max-image-preview":"max-image-preview:large","max-video-preview":"max-video-preview:-1"},"canonical":"https:\/\/www.\u00f6bv-rebien.de\/?page_id=117","og_locale":"de_DE","og_type":"article","og_title":"Impressum - Vermessungsb\u00fcro Rebien","og_description":"Impressum Angaben gem\u00e4\u00df \u00a7 5 TMG: Jochen RebienKlaus Rebien \u00d6ffentliche bestellte VermessungsingenieureFrauengraben 2889073 Ulm Kontakt: Telefon: +49 (0) 731 64 8 64 Telefax: +49 (0) 731 60 22 384 E-Mail: vermessung@vb-rebien.de Umsatzsteuer-ID: Umsatzsteuer-Identifikationsnummer gem\u00e4\u00df \u00a727 a Umsatzsteuergesetz:DE 147047810 Gerichtsstand Ulm Quelle: http:\/\/www.e-recht24.deDesign und Programmierung: Robert Kasalo, Ulm Haftungsausschluss (Disclaimer) Haftung f\u00fcr Inhalte Als Diensteanbieter sind [&hellip;]","og_url":"https:\/\/www.\u00f6bv-rebien.de\/?page_id=117","og_site_name":"Vermessungsb\u00fcro Rebien","article_modified_time":"2019-10-07T16:56:04+00:00","twitter_card":"summary_large_image","twitter_misc":{"Gesch\u00e4tzte Lesezeit":"2\u00a0Minuten"},"schema":{"@context":"https:\/\/schema.org","@graph":[{"@type":"WebPage","@id":"https:\/\/www.\u00f6bv-rebien.de\/?page_id=117","url":"https:\/\/www.\u00f6bv-rebien.de\/?page_id=117","name":"Impressum - Vermessungsb\u00fcro Rebien","isPartOf":{"@id":"https:\/\/www.\u00f6bv-rebien.de\/#website"},"datePublished":"2019-04-04T13:18:54+00:00","dateModified":"2019-10-07T16:56:04+00:00","breadcrumb":{"@id":"https:\/\/www.\u00f6bv-rebien.de\/?page_id=117#breadcrumb"},"inLanguage":"de","potentialAction":[{"@type":"ReadAction","target":["https:\/\/www.\u00f6bv-rebien.de\/?page_id=117"]}]},{"@type":"BreadcrumbList","@id":"https:\/\/www.\u00f6bv-rebien.de\/?page_id=117#breadcrumb","itemListElement":[{"@type":"ListItem","position":1,"name":"Startseite","item":"https:\/\/www.\u00f6bv-rebien.de\/"},{"@type":"ListItem","position":2,"name":"Impressum"}]},{"@type":"WebSite","@id":"https:\/\/www.\u00f6bv-rebien.de\/#website","url":"https:\/\/www.\u00f6bv-rebien.de\/","name":"Vermessungsb\u00fcro Rebien","description":"\u00d6ffentlich bestellte Vermessungsingeniure","publisher":{"@id":"https:\/\/www.\u00f6bv-rebien.de\/#organization"},"potentialAction":[{"@type":"SearchAction","target":{"@type":"EntryPoint","urlTemplate":"https:\/\/www.\u00f6bv-rebien.de\/?s={search_term_string}"},"query-input":{"@type":"PropertyValueSpecification","valueRequired":true,"valueName":"search_term_string"}}],"inLanguage":"de"},{"@type":"Organization","@id":"https:\/\/www.\u00f6bv-rebien.de\/#organization","name":"Vermessungsb\u00fcro Rebien","url":"https:\/\/www.\u00f6bv-rebien.de\/","logo":{"@type":"ImageObject","inLanguage":"de","@id":"https:\/\/www.\u00f6bv-rebien.de\/#\/schema\/logo\/image\/","url":"https:\/\/www.\u00f6bv-rebien.de\/wp-content\/uploads\/2019\/10\/cropped-logo_neu.png","contentUrl":"https:\/\/www.\u00f6bv-rebien.de\/wp-content\/uploads\/2019\/10\/cropped-logo_neu.png","width":600,"height":147,"caption":"Vermessungsb\u00fcro Rebien"},"image":{"@id":"https:\/\/www.\u00f6bv-rebien.de\/#\/schema\/logo\/image\/"}}]}},"_links":{"self":[{"href":"https:\/\/www.\u00f6bv-rebien.de\/index.php?rest_route=\/wp\/v2\/pages\/117","targetHints":{"allow":["GET"]}}],"collection":[{"href":"https:\/\/www.\u00f6bv-rebien.de\/index.php?rest_route=\/wp\/v2\/pages"}],"about":[{"href":"https:\/\/www.\u00f6bv-rebien.de\/index.php?rest_route=\/wp\/v2\/types\/page"}],"author":[{"embeddable":true,"href":"https:\/\/www.\u00f6bv-rebien.de\/index.php?rest_route=\/wp\/v2\/users\/4"}],"replies":[{"embeddable":true,"href":"https:\/\/www.\u00f6bv-rebien.de\/index.php?rest_route=%2Fwp%2Fv2%2Fcomments&post=117"}],"version-history":[{"count":9,"href":"https:\/\/www.\u00f6bv-rebien.de\/index.php?rest_route=\/wp\/v2\/pages\/117\/revisions"}],"predecessor-version":[{"id":387,"href":"https:\/\/www.\u00f6bv-rebien.de\/index.php?rest_route=\/wp\/v2\/pages\/117\/revisions\/387"}],"wp:attachment":[{"href":"https:\/\/www.\u00f6bv-rebien.de\/index.php?rest_route=%2Fwp%2Fv2%2Fmedia&parent=117"}],"curies":[{"name":"wp","href":"https:\/\/api.w.org\/{rel}","templated":true}]}}